{"id":779,"date":"2024-10-21T11:42:30","date_gmt":"2024-10-21T09:42:30","guid":{"rendered":"https:\/\/velmart.hr\/?page_id=779"},"modified":"2024-11-05T14:20:52","modified_gmt":"2024-11-05T13:20:52","slug":"privacy-policy","status":"publish","type":"page","link":"https:\/\/velmart.hr\/hr\/zastita-i-prikupljanje-osobnih-podataka\/","title":{"rendered":"Izjava o privatnosti"},"content":{"rendered":"<div class=\"wpb-content-wrapper\">[vc_row][vc_column][vc_column_text css=&#8221;&#8221; width=&#8221;1200&#8243;]\n<h1>Izjava o za\u0161titi i prikupljanju osobnih podataka i njihovom kori\u0161tenju<\/h1>\n<p>Ovom izjavom Velmart d.o.o. se obvezuje da \u0107e za\u0161tititi privatnost na\u0161e web stranice i sigurnost osobnih podataka koje nam pru\u017eaju putem web stranice.<\/p>\n<p>Pod osobnim podacima smatraju se va\u0161i identifikacijski podaci: ime i prezime, e-mail adresa, broj telefona, IP adresa, odnosno podaci koji ina\u010de nisu javno dostupni, a koji nam postanu dostupni Va\u0161im kori\u0161tenja ove web stranice.<\/p>\n<h2>Koje informacije prikupljamo o vama i kako ih koristimo?<\/h2>\n<p>Na\u0161u web stranicu mo\u017eete posjetiti bez otkrivanja osobnih podataka o sebi. Ne prikupljamo osobne podatke o vama (kao \u0161to su va\u0161e ime i pojedinosti o kontaktu) kada posjetite ovu web stranicu, osim ako dobrovoljno ne upi\u0161ete Va\u0161e podatke u obrazac koji je dostupan na stranici i time date va\u0161u privolu na prikupljanje i kori\u0161tenje va\u0161ih osobnih podataka u svrhu navedenu u obrascu.<\/p>\n<p>Svi osobni podaci koriste se isklju\u010divo u svrhe radi koje su prikupljeni i za koje je dana privola. Privolu za obradu osobnih podataka mogu dati osobe s navr\u0161enih 16 godina ili vi\u0161e, dok za osobe mla\u0111e od 16 privolu mo\u017ee dati roditelj ili skrbnik.<\/p>\n<p>Prikupljene podatke ne\u0107emo ni na koji na\u010din u\u010diniti dostupnima neovla\u0161tenim tre\u0107im osobama, osim u zakonom propisanu svrhu. Svi podaci se bri\u0161u nakon prestanka svrhe za koju su prikupljeni, odnosno prestankom ugovornog odnosa, a najkasnije po isteku svih zakonskih obveza povezanih s \u010duvanjem osobnih podataka.<\/p>\n<h2>Informacije koje se automatski prikupljaju na na\u0161oj web stranici<\/h2>\n<p>Automatski prikupljamo informacije u log datotekama poslu\u017eitelja, kao \u0161to je va\u0161a IP adresa, vrsta preglednika, stranice za preusmjeravanje \/ izlazak i operativni sustav.<\/p>\n<p>Koristimo ove informacije kako bismo upravljali na\u0161om web stranicama i na\u0161im tehni\u010dkim rje\u0161enjima, razumjeli kako se posjetitelji kre\u0107u kroz na\u0161u web stranicu i usluge te da pobolj\u0161amo va\u0161e iskustvo dok koristite na\u0161e web stranice i usluge.<\/p>\n<h2>Pru\u017eanje informacija Google Inc.<\/h2>\n<p>Google prikuplja informacije putem na\u0161e upotrebe usluge Google Analytics na na\u0161oj web stranici. Google koristi ove informacije, uklju\u010duju\u0107i IP adrese i podatke iz kola\u010di\u0107a, u vi\u0161e svrha, kao \u0161to je pobolj\u0161anje usluge Google Analytics. Informacije se<br \/>\ndijele s Googleom na anonimnoj osnovi. Da biste saznali vi\u0161e o tome koje informacije Google prikuplja, kako upotrebljava te informacije i kako kontrolirati informacije poslane Googleu, pogledajte web stranicu Googleovih pravila o privatnosti.<\/p>\n<h2>Pristup i a\u017euriranje va\u0161ih osobnih podataka<\/h2>\n<p>Na\u0161 korisnik u svakom trenutku ima sljede\u0107a prava:<\/p>\n<p>Pravo od nas ishoditi potvrdu u vezi s time obra\u0111uju li se osobni podaci koji se odnose na doti\u010dnog korisnika ili ne te ako je to slu\u010daj, pristup takvim osobnim podacima (\u201ePravo ispitanika na pristup\u201c);<br \/>\nPravo zahtijevati da ispravimo ili dopunimo osobne podatke ako utvrdi da su neto\u010dni ili nepotpuni (\u201ePravo na ispravak\u201c);<br \/>\nPravo zatra\u017eiti brisanje osobnih podataka ako vi\u0161e nisu nu\u017eni u svrhe u koje obra\u0111ujemo iste podatke (\u201ePravo na brisanje\u201c);<br \/>\nPravo da u bilo kojem trenutku povu\u010de privolu ako se obrada odvija na temelju privole;<br \/>\nPravo zatra\u017eiti da mu pru\u017eimo njegove osobne podatke te, ako je mogu\u0107e, izravno prenesemo te podatke drugom voditelju obrade, ako je primjenjivo (\u201ePravo na prenosivost podataka\u201c);<br \/>\nPravo zatra\u017eiti ograni\u010denje daljnje obrade, ako je primjenjivo (\u201ePravo na ograni\u010denje obrade\u201c);<br \/>\nPravo ulo\u017eiti prigovor na obradu osobnih podataka, ako je primjenjivo (\u201ePravo na prigovor\u201c);<br \/>\nPravo na pritu\u017ebu nadzornom tijelu.<br \/>\nAko \u017eelite ostvariti neko od navedenih prava, slobodno nas kontaktirajte putem podataka navedenih na web stranici.<\/p>\n<h2>Sigurnost va\u0161ih osobnih podataka<\/h2>\n<p>Poduzimamo adekvatne tehni\u010dke i organizacijske mjera za za\u0161titu Va\u0161ih osobnih podataka od neovla\u0161tenog ili nezakonitog postupanja s njima i od njihovog slu\u010dajnog gubitka, uni\u0161tenja ili o\u0161te\u0107enja. Prilikom davanja Va\u0161ih osobnih podataka putem na\u0161e web stranice, ove se informacije \u0161alju putem interneta sigurno pomo\u0107u visokokvalitetnih \u0161ifriranja i spremaju na na\u0161e sigurne servere koji se nalaze unutar EU.<\/p>\n<h2>Kori\u0161tenje kola\u010di\u0107a (\u201ecookies\u201c)<\/h2>\n<p>Ova web stranica te njezine on-line usluge mogu koristiti kola\u010di\u0107e radi pobolj\u0161anja usluga.<\/p>\n<p>Odluka o dopu\u0161tanju kori\u0161tenja kola\u010di\u0107a na Internet stranici u potpunosti je Va\u0161a, a svoju privolu na kori\u0161tenje istih mo\u017eete dati prilikom otvaranja na\u0161e web stranice.<\/p>\n<p>Treba napomenuti da web stranica funkcionira optimalno samo ako je omogu\u0107eno kori\u0161tenje kola\u010di\u0107a.<\/p>\n<h2>\u0160to su kola\u010di\u0107i?<\/h2>\n<p>Kola\u010di\u0107i (cookies) su male datoteke koje Va\u0161 preglednik sprema na disk prilikom posjete na\u0161e web stranice. To omogu\u0107uje na\u0161oj web stranici da prepozna Va\u0161e ra\u010dunalo kada nas sljede\u0107i put posjetite, kako bi vam sukladno tome ponudili personalizirano iskustvo prilikom va\u0161eg posjeta. Kola\u010di\u0107i nisu usmjereni na \u0161pijuniranje korisnika i ne slijede sve \u0161to korisnik radi te nisu zlonamjerni kod ili virus.<\/p>\n<p>Tako\u0111er kola\u010di\u0107i nisu povezani s ne\u017eeljenim porukama ili spamom, ne mogu spremiti lozinku i nisu namijenjeni isklju\u010divo za reklame ili ogla\u0161avanje. Informacije poput Va\u0161eg imena ili e-mail adrese ne\u0107e biti spremljene \u2013 web stranice ne mogu pristupiti va\u0161im osobnim informacijama i datotekama na Va\u0161em ra\u010dunalu. Obvezujemo da \u0107emo za\u0161tititi privatnost na\u0161e web stranice i sigurnost osobnih podataka koje nam pru\u017eaju putem web stranice.[\/vc_column_text][\/vc_column][\/vc_row]\n<\/div>","protected":false},"excerpt":{"rendered":"<p>[vc_row][vc_column][vc_column_text css=&#8221;&#8221; width=&#8221;1200&#8243;] Izjava o za\u0161titi i prikupljanju osobnih podataka i njihovom kori\u0161tenju Ovom izjavom Velmart d.o.o. se obvezuje da \u0107e za\u0161tititi privatnost na\u0161e web stranice i sigurnost osobnih podataka koje nam pru\u017eaju putem web stranice. Pod osobnim podacima smatraju se va\u0161i identifikacijski podaci: ime i prezime, e-mail adresa, broj telefona, IP adresa, odnosno podaci&hellip;<\/p>\n","protected":false},"author":1,"featured_media":0,"parent":0,"menu_order":0,"comment_status":"closed","ping_status":"closed","template":"","meta":{"footnotes":""},"class_list":["post-779","page","type-page","status-publish","hentry","entry","no-media"],"translation":{"provider":"WPGlobus","version":"3.0.2","language":"hr","enabled_languages":["en","hr"],"languages":{"en":{"title":true,"content":true,"excerpt":false},"hr":{"title":true,"content":true,"excerpt":false}}},"aioseo_notices":[],"_links":{"self":[{"href":"https:\/\/velmart.hr\/hr\/wp-json\/wp\/v2\/pages\/779","targetHints":{"allow":["GET"]}}],"collection":[{"href":"https:\/\/velmart.hr\/hr\/wp-json\/wp\/v2\/pages"}],"about":[{"href":"https:\/\/velmart.hr\/hr\/wp-json\/wp\/v2\/types\/page"}],"author":[{"embeddable":true,"href":"https:\/\/velmart.hr\/hr\/wp-json\/wp\/v2\/users\/1"}],"replies":[{"embeddable":true,"href":"https:\/\/velmart.hr\/hr\/wp-json\/wp\/v2\/comments?post=779"}],"version-history":[{"count":4,"href":"https:\/\/velmart.hr\/hr\/wp-json\/wp\/v2\/pages\/779\/revisions"}],"predecessor-version":[{"id":1071,"href":"https:\/\/velmart.hr\/hr\/wp-json\/wp\/v2\/pages\/779\/revisions\/1071"}],"wp:attachment":[{"href":"https:\/\/velmart.hr\/hr\/wp-json\/wp\/v2\/media?parent=779"}],"curies":[{"name":"wp","href":"https:\/\/api.w.org\/{rel}","templated":true}]}}