{"id":752,"date":"2024-10-17T12:30:21","date_gmt":"2024-10-17T10:30:21","guid":{"rendered":"https:\/\/velmart.hr\/?page_id=752"},"modified":"2024-11-05T14:25:02","modified_gmt":"2024-11-05T13:25:02","slug":"wet-salted-bovine-hides","status":"publish","type":"page","link":"https:\/\/velmart.hr\/hr\/govede-sirovo-slane-koze\/","title":{"rendered":"Sirove gove\u0111e ko\u017ee"},"content":{"rendered":"<div class=\"wpb-content-wrapper\">[vc_row][vc_column]<style>.vcex-image.vcex_69e78fb404515 .vcex-image-inner{max-width:1200px;}<\/style><figure class=\"vcex-image vcex-module wpex-text-center vcex_69e78fb404515\"><div class=\"vcex-image-inner wpex-relative wpex-inline-block\"><img width=\"1920\" height=\"1282\" src=\"https:\/\/velmart.hr\/wp-content\/uploads\/2024\/10\/cows-on-pasture-3237797_1920.jpg\" class=\"vcex-image-img wpex-align-middle\" alt=\"\" loading=\"lazy\" decoding=\"async\" srcset=\"https:\/\/velmart.hr\/wp-content\/uploads\/2024\/10\/cows-on-pasture-3237797_1920.jpg 1920w, https:\/\/velmart.hr\/wp-content\/uploads\/2024\/10\/cows-on-pasture-3237797_1920-300x200.jpg 300w, https:\/\/velmart.hr\/wp-content\/uploads\/2024\/10\/cows-on-pasture-3237797_1920-1024x684.jpg 1024w, https:\/\/velmart.hr\/wp-content\/uploads\/2024\/10\/cows-on-pasture-3237797_1920-768x513.jpg 768w, https:\/\/velmart.hr\/wp-content\/uploads\/2024\/10\/cows-on-pasture-3237797_1920-1536x1026.jpg 1536w\" sizes=\"auto, (max-width: 1920px) 100vw, 1920px\" \/><\/div><\/figure>[\/vc_column][\/vc_row][vc_row][vc_column][vc_column_text css=&#8221;&#8221; width=&#8221;1200&#8243;]\n<h1>Kako radimo sa sirovim gove\u0111im ko\u017eama &#8211; wet salted hides?<\/h1>\n<h2>Na\u0161e skladi\u0161te zadovoljava najvi\u0161e standarde koje zahtjeva skladi\u0161tenje nusproizvoda \u017eivotinjskog podrijetla. Pravilna higijena i kvalitetan na\u010din konzerviranja sirovih gove\u0111ih ko\u017ea (wet salted bovine hides) klju\u010dni su za sve daljnje faze procesa prerade u gotov proizvod.<\/h2>\n<p>Na\u0161a primarna djelatnost je otkup, konzerviranje, skladi\u0161tenje i prodaja sirovih gove\u0111ih ko\u017ea glava, eng. wet salted hides. Kada je rije\u010d o prikupljanju ko\u017ea, naj\u010de\u0161\u0107e se radi o svje\u017eim ko\u017eama, koje su preuzete direktno iz klaonica s linije klanja ili od poznatih dugogodi\u0161njih dobavlja\u010da.<\/p>\n<p>Ko\u017ee se odmah po dostavi u skladi\u0161te tvrtke obra\u0111uju i sole morskom soli, s \u010dime zapo\u010dinje proces konzervacije. Vi\u0161e o tehnologiji konzervacije mo\u017eete pro\u010ditati <strong><a href=\"https:\/\/velmart.hr\/hr\/konzervacija-sirovih-govedih-koza-glava\/\">ovdje.<\/a><\/strong><\/p>\n<p>Svakako treba naglasiti da na\u0161e skladi\u0161te zadovoljava najvi\u0161e standarde koje zahtjeva skladi\u0161tenje Nusproizvoda \u017eivotinjskog podrijetla \u2013 Kategorija 3 u koju spada sirova ko\u017ea za tehni\u010dku upotrebu, odnosno daljnju preradu.<\/p>\n<p>Standarde propisuje Uredba (EZ) br. 1069\/2009 o utvr\u0111ivanju zdravstvenih pravila za nusproizvode \u017eivotinjskog podrijetla i od njih dobivene proizvode koji nisu namijenjeni prehrani ljudi u Europskoj uniji (EU). Kompletnu Uredbu (EZ) br. 1069\/2009 mo\u017eete pro\u010ditati <strong><a href=\"https:\/\/eur-lex.europa.eu\/HR\/legal-content\/summary\/animal-by-products-not-intended-for-human-consumption.html\">ovdje.<\/a><\/strong><\/p>\n<h3>Higijena i konzervacija sirove gove\u0111e ko\u017ee<\/h3>\n<figure id=\"attachment_1089\" aria-describedby=\"caption-attachment-1089\" style=\"width: 500px\" class=\"wp-caption alignleft\"><a href=\"https:\/\/velmart.hr\/wp-content\/uploads\/2024\/10\/farm-animals-3139673_1280.jpg\"><img loading=\"lazy\" decoding=\"async\" class=\"wp-image-1089\" src=\"https:\/\/velmart.hr\/wp-content\/uploads\/2024\/10\/farm-animals-3139673_1280-300x200.jpg\" alt=\"\" width=\"500\" height=\"333\" srcset=\"https:\/\/velmart.hr\/wp-content\/uploads\/2024\/10\/farm-animals-3139673_1280-300x200.jpg 300w, https:\/\/velmart.hr\/wp-content\/uploads\/2024\/10\/farm-animals-3139673_1280-1024x682.jpg 1024w, https:\/\/velmart.hr\/wp-content\/uploads\/2024\/10\/farm-animals-3139673_1280-768x512.jpg 768w, https:\/\/velmart.hr\/wp-content\/uploads\/2024\/10\/farm-animals-3139673_1280.jpg 1280w\" sizes=\"auto, (max-width: 500px) 100vw, 500px\" \/><\/a><figcaption id=\"caption-attachment-1089\" class=\"wp-caption-text\">Ilustrativna fotografija: Ko\u017ea ima oznaku nusproizvoda \u017eivotinjskog podrijetla &#8211; Kategorija 3<\/figcaption><\/figure>\n<p>Od trenutka kada preuzmemo sirovu od dobavlja\u010da i primitka u na\u0161e skladi\u0161te o njoj se vodi briga kako bi se dobio \u0161to kvalitetniji krajnji proizvod.<\/p>\n<p>Prvi najbitniji postupci vezani su uz konzerviranje i uskladi\u0161tenje svje\u017eih sirovih ko\u017ea kod kojih je potrebno provesti mjere za\u0161tite od kontaminacije i pojava zaraznih bolesti. Pravilna higijena i kvalitetan na\u010din konzerviranja klju\u010dni su za sve daljnje faze procesa prerade u gotov proizvod.<\/p>\n<h3>Standardi u skidanju sirovih gove\u0111ih ko\u017ea glava<\/h3>\n<p>Gove\u0111e ko\u017ee glava s goveda moraju biti skinute prema poznatim standardima, to\u010dnije da na njoj ne ostanu deformacije zbog skidanja ili pak rezovi od no\u017ea.<\/p>\n<p>Ko\u017ea mora imati sve postoje\u0107e anatomske dijelove \u2013 ko\u017eu glave, u\u0161i i gubicu. Veliki gove\u0111i rogovi moraju obavezno biti uklonjeni, ali mali rogovi junadi se ne uklanjaju Veli\u010dina, te\u017eina i debljina mogu varirati zbog veli\u010dine, starosti i sortimenta same krave.<\/p>\n<p>No, trudimo zadovoljiti potrebe kupaca, te da odstupanja od standarda veli\u010dine, te\u017eine i debljine ko\u017ee ne budu prevelika, odnosno da odstupanja budu minimalna.<\/p>\n<h3>Na\u0161e zalihe gove\u0111ih ko\u017ea<\/h3>\n<p>Koli\u010dina raspolo\u017eive sirovine mo\u017ee varirati prema mjesecima odnosno sezonama u godini. Primjerice, za vrijeme ljetne turisti\u010dke sezone i primjerice u vrijeme najve\u0107ih blagdana i praznika u Hrvatskoj i okolnim zemljama pove\u0107an je broj klanja goveda zbog pove\u0107ane potra\u017enje za mesom i mesnim proizvodima.<\/p>\n<figure id=\"attachment_1090\" aria-describedby=\"caption-attachment-1090\" style=\"width: 1920px\" class=\"wp-caption alignleft\"><a href=\"https:\/\/velmart.hr\/wp-content\/uploads\/2024\/10\/container-3118784_1920.jpg\"><img loading=\"lazy\" decoding=\"async\" class=\"wp-image-1090 size-full\" src=\"https:\/\/velmart.hr\/wp-content\/uploads\/2024\/10\/container-3118784_1920.jpg\" alt=\"\" width=\"1920\" height=\"1215\" srcset=\"https:\/\/velmart.hr\/wp-content\/uploads\/2024\/10\/container-3118784_1920.jpg 1920w, https:\/\/velmart.hr\/wp-content\/uploads\/2024\/10\/container-3118784_1920-300x190.jpg 300w, https:\/\/velmart.hr\/wp-content\/uploads\/2024\/10\/container-3118784_1920-1024x648.jpg 1024w, https:\/\/velmart.hr\/wp-content\/uploads\/2024\/10\/container-3118784_1920-768x486.jpg 768w, https:\/\/velmart.hr\/wp-content\/uploads\/2024\/10\/container-3118784_1920-1536x972.jpg 1536w\" sizes=\"auto, (max-width: 1920px) 100vw, 1920px\" \/><\/a><figcaption id=\"caption-attachment-1090\" class=\"wp-caption-text\">Ilustrativna fotografija: Sirovo slane gove\u0111e ko\u017ee pogodne su za vi\u0161emjese\u010dna putovanja kontejnerima diljem svijeta.<\/figcaption><\/figure>\n[\/vc_column_text][\/vc_column][\/vc_row]\n<\/div>","protected":false},"excerpt":{"rendered":"<p>[vc_row][vc_column][\/vc_column][\/vc_row][vc_row][vc_column][vc_column_text css=&#8221;&#8221; width=&#8221;1200&#8243;] Kako radimo sa sirovim gove\u0111im ko\u017eama &#8211; wet salted hides? Na\u0161e skladi\u0161te zadovoljava najvi\u0161e standarde koje zahtjeva skladi\u0161tenje nusproizvoda \u017eivotinjskog podrijetla. Pravilna higijena i kvalitetan na\u010din konzerviranja sirovih gove\u0111ih ko\u017ea (wet salted bovine hides) klju\u010dni su za sve daljnje faze procesa prerade u gotov proizvod. Na\u0161a primarna djelatnost je otkup, konzerviranje, skladi\u0161tenje&hellip;<\/p>\n","protected":false},"author":1,"featured_media":0,"parent":0,"menu_order":0,"comment_status":"closed","ping_status":"closed","template":"","meta":{"footnotes":""},"class_list":["post-752","page","type-page","status-publish","hentry","entry","no-media"],"translation":{"provider":"WPGlobus","version":"3.0.2","language":"hr","enabled_languages":["en","hr"],"languages":{"en":{"title":true,"content":true,"excerpt":false},"hr":{"title":true,"content":true,"excerpt":false}}},"aioseo_notices":[],"_links":{"self":[{"href":"https:\/\/velmart.hr\/hr\/wp-json\/wp\/v2\/pages\/752","targetHints":{"allow":["GET"]}}],"collection":[{"href":"https:\/\/velmart.hr\/hr\/wp-json\/wp\/v2\/pages"}],"about":[{"href":"https:\/\/velmart.hr\/hr\/wp-json\/wp\/v2\/types\/page"}],"author":[{"embeddable":true,"href":"https:\/\/velmart.hr\/hr\/wp-json\/wp\/v2\/users\/1"}],"replies":[{"embeddable":true,"href":"https:\/\/velmart.hr\/hr\/wp-json\/wp\/v2\/comments?post=752"}],"version-history":[{"count":40,"href":"https:\/\/velmart.hr\/hr\/wp-json\/wp\/v2\/pages\/752\/revisions"}],"predecessor-version":[{"id":1163,"href":"https:\/\/velmart.hr\/hr\/wp-json\/wp\/v2\/pages\/752\/revisions\/1163"}],"wp:attachment":[{"href":"https:\/\/velmart.hr\/hr\/wp-json\/wp\/v2\/media?parent=752"}],"curies":[{"name":"wp","href":"https:\/\/api.w.org\/{rel}","templated":true}]}}