{"id":736,"date":"2024-10-17T12:08:57","date_gmt":"2024-10-17T10:08:57","guid":{"rendered":"https:\/\/velmart.hr\/?page_id=736"},"modified":"2024-11-06T13:57:52","modified_gmt":"2024-11-06T12:57:52","slug":"raw-bovine-head-skins","status":"publish","type":"page","link":"https:\/\/velmart.hr\/hr\/sirove-govede-koze-glava\/","title":{"rendered":"Sirove gove\u0111e ko\u017ee glava"},"content":{"rendered":"<div class=\"wpb-content-wrapper\">[vc_row][vc_column]<style>.vcex-image.vcex_69e7959365657 .vcex-image-inner{max-width:1200px;}<\/style><figure class=\"vcex-image vcex-module wpex-text-center vcex_69e7959365657\"><div class=\"vcex-image-inner wpex-relative wpex-inline-block\"><img width=\"1920\" height=\"1280\" src=\"https:\/\/velmart.hr\/wp-content\/uploads\/2024\/10\/cow-4265618_1920.jpg\" class=\"vcex-image-img wpex-align-middle\" alt=\"\" loading=\"lazy\" decoding=\"async\" srcset=\"https:\/\/velmart.hr\/wp-content\/uploads\/2024\/10\/cow-4265618_1920.jpg 1920w, https:\/\/velmart.hr\/wp-content\/uploads\/2024\/10\/cow-4265618_1920-300x200.jpg 300w, https:\/\/velmart.hr\/wp-content\/uploads\/2024\/10\/cow-4265618_1920-1024x683.jpg 1024w, https:\/\/velmart.hr\/wp-content\/uploads\/2024\/10\/cow-4265618_1920-768x512.jpg 768w, https:\/\/velmart.hr\/wp-content\/uploads\/2024\/10\/cow-4265618_1920-1536x1024.jpg 1536w\" sizes=\"auto, (max-width: 1920px) 100vw, 1920px\" \/><\/div><\/figure>[\/vc_column][\/vc_row][vc_row][vc_column][vc_column_text css=&#8221;&#8221; width=&#8221;1200&#8243;]\n<h1>Sirove gove\u0111e ko\u017ee glava \u2013 saznajte koja je njihova daljnja primjena<\/h1>\n<p><span style=\"font-size: var(--wpex-text-2xl); font-weight: var(--wpex-heading-font-weight);\">Sirove gove\u0111e ko\u017ee glava (raw bovine head skins)<\/span><span style=\"color: var(--wpex-heading-color); font-size: var(--wpex-text-2xl); font-style: var(--wpex-heading-font-style); font-weight: var(--wpex-heading-font-weight); letter-spacing: var(--wpex-heading-letter-spacing); text-transform: var(--wpex-heading-text-transform);\"> mogu se koristiti u industriji hrane za ku\u0107ne ljubimce, preradu u gotovu ko\u017eu i izradu instrumenata. U nekim dijelovima svijeta su \u010dak delicija, kao dio su tradicionalne gastronomije.<\/span><\/p>\n<p>Velmart d.o.o. ve\u0107 vi\u0161e od tri desetlje\u0107a se bavi prikupljanjem, konzerviranjem, skladi\u0161tenjem i prodajom sirovih gove\u0111ih ko\u017ea (raw bovine head skins) iz klaonica i drugih dobavlja\u010da. S obzirom na zahtjevnosti dana\u0161njeg tr\u017ei\u0161ta nastojimo ostvariti dugoro\u010dne poslovne suradnje i zadovoljiti specifi\u010dne potrebe kupca.<\/p>\n<figure id=\"attachment_1082\" aria-describedby=\"caption-attachment-1082\" style=\"width: 300px\" class=\"wp-caption alignleft\"><a href=\"https:\/\/velmart.hr\/wp-content\/uploads\/2024\/10\/4527915__81428-fotor-2024103194528.jpg\"><img loading=\"lazy\" decoding=\"async\" class=\"wp-image-1082 size-medium\" src=\"https:\/\/velmart.hr\/wp-content\/uploads\/2024\/10\/4527915__81428-fotor-2024103194528-300x300.jpg\" alt=\"\" width=\"300\" height=\"300\" srcset=\"https:\/\/velmart.hr\/wp-content\/uploads\/2024\/10\/4527915__81428-fotor-2024103194528-300x300.jpg 300w, https:\/\/velmart.hr\/wp-content\/uploads\/2024\/10\/4527915__81428-fotor-2024103194528-1024x1024.jpg 1024w, https:\/\/velmart.hr\/wp-content\/uploads\/2024\/10\/4527915__81428-fotor-2024103194528-150x150.jpg 150w, https:\/\/velmart.hr\/wp-content\/uploads\/2024\/10\/4527915__81428-fotor-2024103194528-768x768.jpg 768w, https:\/\/velmart.hr\/wp-content\/uploads\/2024\/10\/4527915__81428-fotor-2024103194528.jpg 1280w\" sizes=\"auto, (max-width: 300px) 100vw, 300px\" \/><\/a><figcaption id=\"caption-attachment-1082\" class=\"wp-caption-text\">Gove\u0111e ko\u017ee prera\u0111uju se u ko\u017earskoj industriji u gotove proizvode<\/figcaption><\/figure>\n<p>Posljednjih godina poseban naglasak stavljen je na prikupljanje gove\u0111ih ko\u017ea glava, koje spadaju u <strong><a href=\"https:\/\/eur-lex.europa.eu\/HR\/legal-content\/summary\/animal-by-products-not-intended-for-human-consumption.html\">\u201eNusproizvode \u017eivotinjskog porijekla &#8211; Kategorija 3\u201c.<\/a><\/strong><\/p>\n<p>Radi se o nusproizvodima koji su namijenjeni za tehni\u010dku u potrebu, odnosno daljnju preradu. Primjerice, ova vrsta sirovine ima \u0161iroku primjenu u industriji za ku\u0107ne ljubimce te akvakulture, zatim u ko\u017earskoj industriji, a u nekim kulturama \u010dak ima zna\u010dajno mjesto i u tradicionalnom kulinarstvu odnosno, gastronomiji.<\/p>\n<h3>Soljene sirove ko\u017ee glava &#8211; pogodne za duga putovanja<\/h3>\n<p>Na\u0161 posao je upravo prva faza u toj preradi, a to je konzervacija ko\u017ee. Postoji nekoliko na\u010dina konzerviranja sirovih gove\u0111ih ko\u017ee glava. Najstariji i najra\u0161ireniji na\u010din je konzerviranje morskom soli. Takve sirove ko\u017ee ponajprije su namijenjene za izvoz, jer konzervacija morskom soli je dugotrajna i postojana, \u0161to \u010dini ko\u017eu pogodnom za prijevoz na duge relacije. Primjerice sirovo slana ko\u017ea mo\u017ee podnijeti i vi\u0161emjese\u010dni kontejnerski prijevoz diljem zemaljske kugle.<\/p>\n<p>U tome nam svakako poma\u017ee dugogodi\u0161nje iskustvo u tehnologiji soljenja, skladi\u0161tenja i pakiranja sirovo-slane gove\u0111e ko\u017ee.<\/p>\n<figure id=\"attachment_854\" aria-describedby=\"caption-attachment-854\" style=\"width: 300px\" class=\"wp-caption alignleft\"><a href=\"https:\/\/velmart.hr\/wp-content\/uploads\/2024\/10\/salt-602215_640.jpg\"><img loading=\"lazy\" decoding=\"async\" class=\"wp-image-854 size-medium\" src=\"https:\/\/velmart.hr\/wp-content\/uploads\/2024\/10\/salt-602215_640-300x225.jpg\" alt=\"\" width=\"300\" height=\"225\" srcset=\"https:\/\/velmart.hr\/wp-content\/uploads\/2024\/10\/salt-602215_640-300x225.jpg 300w, https:\/\/velmart.hr\/wp-content\/uploads\/2024\/10\/salt-602215_640.jpg 640w\" sizes=\"auto, (max-width: 300px) 100vw, 300px\" \/><\/a><figcaption id=\"caption-attachment-854\" class=\"wp-caption-text\">Krupna morska sol koristi se za konzerviranje sirovi ko\u017ea<\/figcaption><\/figure>\n<p>Soljenje, kaliranje i ponovno soljenje sirove ko\u017ee te na\u010din pakiranja u nepropusne vre\u0107e garancija su da \u0107e ko\u017ea do svakog kupca na bilo kojem dijelu svijeta do\u0107i u stanju pogodnom za \u017eeljenu namjenu odnosno preradu. Vi\u0161e o tehnolo\u0161kom procesu soljenja sirovih ko\u017ea glava mo\u017eete saznati ovdje.<\/p>\n<p>Zanimljivo je spomenuti da su u nekim vaneuropskim kulturama gove\u0111e ko\u017ee glava \u010dak su i dio svakodnevne prehrane i smatraju se delicijom (mo\u017ee se usporediti s na\u0161im jelima kao \u0161to su \u010dvarci ili \u0161pek fileki koji se rade od iznutrica). Stavljaju se u gula\u0161, juhe i sli\u010dna jela s umacima ili se peku u dubokom ulju.<\/p>\n<h3>Smrzavanje i su\u0161enje sirovih gove\u0111ih ko\u017ea glava<\/h3>\n<p>Gove\u0111e ko\u017ee glava mogu\u0107e je skladi\u0161titi i smrznute \u0161to je pogodno za proizvodnju hrane za ku\u0107ne ljubimce zbog toga jer se u tom slu\u010daju ne koristi morska sol, nego se svje\u017ee ko\u017ee smrzavaju, \u0161to naravno omogu\u0107uje njihovo vi\u0161emjese\u010dno \u010duvanje u nepromijenjenom stanju.<\/p>\n<p>Tre\u0107i na\u010din o\u010duvanje sirovih gove\u0111ih ko\u017ea glava je su\u0161enje sirove ko\u017ee. Nakon njihovog pranja i cije\u0111enja od vi\u0161ka vode i krvi, ko\u017ee se mogu su\u0161iti na toplom zraku (su\u0161ara) te se s time dolazi do prirodne konzervacije, \u0161to se isto mo\u017ee koristiti daljnjoj industrijskoj proizvodnji, primjerice za hranu za ku\u0107ne ljubimce. Tako\u0111er, su\u0161ena ko\u017ea bez dlake nerijetko se koristi za izradu i popravak tradicionalnih instrumenata, kao \u0161to su bubnjevi, orgulje i tako dalje.[\/vc_column_text][\/vc_column][\/vc_row][vc_row][vc_column][vc_column_text css=&#8221;&#8221; width=&#8221;1200&#8243; text_align=&#8221;center&#8221;]\n<div id=\"gallery-1\" class=\"wpex-gallery wpex-grid wpex-grid-cols-2 wpex-gap-20 wpex-lightbox-group\"><figure class=\"gallery-item\"><a href=\"https:\/\/velmart.hr\/wp-content\/uploads\/2024\/10\/foto2.jpeg\" class=\"wpex-lightbox-group-item\" data-caption=\"Od gove\u0111e ko\u017ee glava proizvode se \u017evakalice za pse.  Izvor fotografije: &lt;a href=&quot;https:\/\/brianrecommendsdogtreats.co.uk\/&quot;&gt;https:\/\/brianrecommendsdogtreats.co.uk\/&lt;\/a&gt;\"><img width=\"395\" height=\"209\" src=\"https:\/\/velmart.hr\/wp-content\/uploads\/2024\/10\/foto2.jpeg\" class=\"attachment-full size-full\" alt=\"\" loading=\"lazy\" decoding=\"async\" srcset=\"https:\/\/velmart.hr\/wp-content\/uploads\/2024\/10\/foto2.jpeg 395w, https:\/\/velmart.hr\/wp-content\/uploads\/2024\/10\/foto2-300x159.jpeg 300w\" sizes=\"auto, (max-width: 395px) 100vw, 395px\" \/><\/a><figcaption class=\"gallery-caption wpex-last-mb-0\">Od gove\u0111e ko\u017ee glava proizvode se \u017evakalice za pse.  Izvor fotografije: <a href=\"https:\/\/brianrecommendsdogtreats.co.uk\/\">https:\/\/brianrecommendsdogtreats.co.uk\/<\/a><\/figcaption><\/figure><figure class=\"gallery-item\"><a href=\"https:\/\/velmart.hr\/wp-content\/uploads\/2024\/10\/fotov.jpg\" class=\"wpex-lightbox-group-item\" data-caption=\"Ilustrativna fotografija; U nekim vaneuropskim kulturama od gove\u0111ih ko\u017ea se spremaju tradicionalne delicije. Mo\u017ee se usporediti s na\u0161im tradicionalnim jelima: Tripice, \u010dvarci ili pe\u010dena svinjska ko\u017ea      \"><img width=\"359\" height=\"305\" src=\"https:\/\/velmart.hr\/wp-content\/uploads\/2024\/10\/fotov.jpg\" class=\"attachment-full size-full\" alt=\"\" loading=\"lazy\" decoding=\"async\" srcset=\"https:\/\/velmart.hr\/wp-content\/uploads\/2024\/10\/fotov.jpg 359w, https:\/\/velmart.hr\/wp-content\/uploads\/2024\/10\/fotov-300x255.jpg 300w\" sizes=\"auto, (max-width: 359px) 100vw, 359px\" \/><\/a><figcaption class=\"gallery-caption wpex-last-mb-0\">Ilustrativna fotografija; U nekim vaneuropskim kulturama od gove\u0111ih ko\u017ea se spremaju tradicionalne delicije. Mo\u017ee se usporediti s na\u0161im tradicionalnim jelima: Tripice, \u010dvarci ili pe\u010dena svinjska ko\u017ea      <\/figcaption><\/figure><\/div>\n\n[\/vc_column_text][\/vc_column][\/vc_row]\n<\/div>","protected":false},"excerpt":{"rendered":"<p>[vc_row][vc_column][\/vc_column][\/vc_row][vc_row][vc_column][vc_column_text css=&#8221;&#8221; width=&#8221;1200&#8243;] Sirove gove\u0111e ko\u017ee glava \u2013 saznajte koja je njihova daljnja primjena Sirove gove\u0111e ko\u017ee glava (raw bovine head skins) mogu se koristiti u industriji hrane za ku\u0107ne ljubimce, preradu u gotovu ko\u017eu i izradu instrumenata. U nekim dijelovima svijeta su \u010dak delicija, kao dio su tradicionalne gastronomije. Velmart d.o.o. ve\u0107 vi\u0161e od&hellip;<\/p>\n","protected":false},"author":1,"featured_media":0,"parent":0,"menu_order":0,"comment_status":"closed","ping_status":"closed","template":"","meta":{"footnotes":""},"class_list":["post-736","page","type-page","status-publish","hentry","entry","no-media"],"translation":{"provider":"WPGlobus","version":"3.0.2","language":"hr","enabled_languages":["en","hr"],"languages":{"en":{"title":true,"content":true,"excerpt":false},"hr":{"title":true,"content":true,"excerpt":false}}},"aioseo_notices":[],"_links":{"self":[{"href":"https:\/\/velmart.hr\/hr\/wp-json\/wp\/v2\/pages\/736","targetHints":{"allow":["GET"]}}],"collection":[{"href":"https:\/\/velmart.hr\/hr\/wp-json\/wp\/v2\/pages"}],"about":[{"href":"https:\/\/velmart.hr\/hr\/wp-json\/wp\/v2\/types\/page"}],"author":[{"embeddable":true,"href":"https:\/\/velmart.hr\/hr\/wp-json\/wp\/v2\/users\/1"}],"replies":[{"embeddable":true,"href":"https:\/\/velmart.hr\/hr\/wp-json\/wp\/v2\/comments?post=736"}],"version-history":[{"count":47,"href":"https:\/\/velmart.hr\/hr\/wp-json\/wp\/v2\/pages\/736\/revisions"}],"predecessor-version":[{"id":1176,"href":"https:\/\/velmart.hr\/hr\/wp-json\/wp\/v2\/pages\/736\/revisions\/1176"}],"wp:attachment":[{"href":"https:\/\/velmart.hr\/hr\/wp-json\/wp\/v2\/media?parent=736"}],"curies":[{"name":"wp","href":"https:\/\/api.w.org\/{rel}","templated":true}]}}