{"id":722,"date":"2024-10-17T11:50:12","date_gmt":"2024-10-17T09:50:12","guid":{"rendered":"https:\/\/velmart.hr\/?page_id=722"},"modified":"2024-11-06T14:13:29","modified_gmt":"2024-11-06T13:13:29","slug":"conservation-of-bovine-head-skins","status":"publish","type":"page","link":"https:\/\/velmart.hr\/hr\/konzervacija-sirovih-govedih-koza-glava\/","title":{"rendered":"Tehnolo\u0161ki proces"},"content":{"rendered":"<div class=\"wpb-content-wrapper\">[vc_row][vc_column]<style>.vcex-image.vcex_69e794ccd38b1 .vcex-image-inner{max-width:1200px;}<\/style><figure class=\"vcex-image vcex-module wpex-text-center vcex_69e794ccd38b1\"><div class=\"vcex-image-inner wpex-relative wpex-inline-block\"><img width=\"1500\" height=\"1125\" src=\"https:\/\/velmart.hr\/wp-content\/uploads\/2024\/10\/download-5.jpeg\" class=\"vcex-image-img wpex-align-middle\" alt=\"\" loading=\"lazy\" decoding=\"async\" srcset=\"https:\/\/velmart.hr\/wp-content\/uploads\/2024\/10\/download-5.jpeg 1500w, https:\/\/velmart.hr\/wp-content\/uploads\/2024\/10\/download-5-300x225.jpeg 300w, https:\/\/velmart.hr\/wp-content\/uploads\/2024\/10\/download-5-1024x768.jpeg 1024w, https:\/\/velmart.hr\/wp-content\/uploads\/2024\/10\/download-5-768x576.jpeg 768w\" sizes=\"auto, (max-width: 1500px) 100vw, 1500px\" \/><\/div><\/figure>[\/vc_column][\/vc_row][vc_row][vc_column][vc_column_text css=&#8221;&#8221; width=&#8221;1200&#8243;]\n<h1>Kako konzerviramo sirove gove\u0111e ko\u017ee glava?<\/h1>\n<h3>Saznajte tehnolo\u0161ki proces konzerviranja sirove gove\u0111e ko\u017ee, eng. conservation of raw bovine head skin, morskom soli kako biste bila sigurna od kvarenja i spremna isporuku &#8211; kontejnerski i kamionski prijevoz.<\/h3>\n<p>Tehnolo\u0161ki proces konzerviranja sirovih ko\u017ea u poduze\u0107u \u201cVelmart d.o.o.\u201d, zapo\u010dinje nakon \u0161to se sirova ko\u017ea transportira od dobavlja\u010da do skladi\u0161ta.<\/p>\n<p>Konkretno, radi se o ko\u017eama gove\u0111ih glava (oglavine\/maske). Vi\u0161e o njima saznajte <a href=\"https:\/\/velmart.hr\/hr\/sirove-govede-koze-glava\/\">ovdje.\u00a0<\/a><\/p>\n<p>Tehnolo\u0161ki proces sastoji se od \u010detiri glavna koraka.<\/p>\n<h2>Soljenje sirove ko\u017ee glava<\/h2>\n<p><a href=\"https:\/\/velmart.hr\/wp-content\/uploads\/2024\/10\/salt-6262388_1280.jpg\"><img loading=\"lazy\" decoding=\"async\" class=\" wp-image-942 alignleft\" src=\"https:\/\/velmart.hr\/wp-content\/uploads\/2024\/10\/salt-6262388_1280-300x200.jpg\" alt=\"\" width=\"363\" height=\"242\" srcset=\"https:\/\/velmart.hr\/wp-content\/uploads\/2024\/10\/salt-6262388_1280-300x200.jpg 300w, https:\/\/velmart.hr\/wp-content\/uploads\/2024\/10\/salt-6262388_1280-1024x683.jpg 1024w, https:\/\/velmart.hr\/wp-content\/uploads\/2024\/10\/salt-6262388_1280-768x512.jpg 768w, https:\/\/velmart.hr\/wp-content\/uploads\/2024\/10\/salt-6262388_1280.jpg 1280w\" sizes=\"auto, (max-width: 363px) 100vw, 363px\" \/><\/a>Prvi korak u konzerviranju gove\u0111e ko\u017ee glava (conservation of raw bovine head skins) je doprema, prijem i istovar sirovih ko\u017ea u skladi\u0161tu. Ko\u017ee se prevoze u plasti\u010dnim nepropusnim box paletama te se naj\u010de\u0161\u0107e dopremaju vlastitim kamionom.<\/p>\n<p>Voditelju skladi\u0161ta predaje se sva prate\u0107a dokumentacija te se ko\u017ea pod nadzorom istovaruje iz vozila u skladi\u0161ni prostor za prijem ko\u017ee.<\/p>\n<p>Drugi korak je jedan od najva\u017enijih koraka, a to je konzerviranje &#8211; soljenje ko\u017ee.<\/p>\n<p>Ko\u017ea se soli morskom solju u dvije faze, pri \u010demu se vodi ra\u010duna o koli\u010dini soli za soljenje, a cijeli proces konzerviranja se izvodi uz strojno\/mehani\u010dki uz asistenciju djelatnika. U procesu se koriste namjenski mikser za soljenje ko\u017ea i box-palete.<\/p>\n<figure id=\"attachment_945\" aria-describedby=\"caption-attachment-945\" style=\"width: 397px\" class=\"wp-caption alignright\"><a href=\"https:\/\/velmart.hr\/wp-content\/uploads\/2024\/10\/IMG-bbfb0e945533ad083d4523787480e724-V.jpg\"><img loading=\"lazy\" decoding=\"async\" class=\"wp-image-945\" src=\"https:\/\/velmart.hr\/wp-content\/uploads\/2024\/10\/IMG-bbfb0e945533ad083d4523787480e724-V-225x300.jpg\" alt=\"\" width=\"397\" height=\"529\" srcset=\"https:\/\/velmart.hr\/wp-content\/uploads\/2024\/10\/IMG-bbfb0e945533ad083d4523787480e724-V-225x300.jpg 225w, https:\/\/velmart.hr\/wp-content\/uploads\/2024\/10\/IMG-bbfb0e945533ad083d4523787480e724-V-768x1024.jpg 768w, https:\/\/velmart.hr\/wp-content\/uploads\/2024\/10\/IMG-bbfb0e945533ad083d4523787480e724-V-1152x1536.jpg 1152w, https:\/\/velmart.hr\/wp-content\/uploads\/2024\/10\/IMG-bbfb0e945533ad083d4523787480e724-V.jpg 1200w\" sizes=\"auto, (max-width: 397px) 100vw, 397px\" \/><\/a><figcaption id=\"caption-attachment-945\" class=\"wp-caption-text\">Konzervirane sirovo slane gove\u0111e ko\u017ee glava pakiraju se se u vre\u0107ama na palete, \u0161to olak\u0161a utovar i istovar te manipulaciju u prijevozu.<\/figcaption><\/figure>\n<h3>Smanjite rizik kvarenja ko\u017ee<\/h3>\n<p>Mikser se puni sa sirovim ko\u017eama i solju.\u00a0<i>U prvoj fazi<\/i>\u00a0dodaje se cca. 15% soli u odnosu na koli\u010dinu ko\u017ee, uz uvjet da se ta koli\u010dina soli pravilno rasporedi po cijeloj povr\u0161ini ko\u017ee, \u0161to se posti\u017ee okretanjem miksera.<\/p>\n<p>Ko\u017ea ponekad mo\u017ee biti posoljena i s manje soli, ako to dopu\u0161taju temperature okoline i skladi\u0161ta, ali se time pove\u0107ava rizik od kvarenja ko\u017ee, stoga se rijetko prakticira manja usoljenost ko\u017ee. Ako se pak ko\u017ea posoli s vi\u0161e soli, ne\u0107e do\u0107i do boljeg u\u010dinka u odnosu na uobi\u010dajeno soljenje, osim u nekim izvanrednim okolnostima. Pri ovom koraku vodi se pisana evidencija potro\u0161nje soli, pa je uvijek mogu\u0107e utvrditi u kojem omjeru su ko\u017ee usoljene.<\/p>\n<p>Posebna pozornost prilikom soljenja mora se obratiti na soljenje unutarnje strane u\u0161i, gdje se prvo javlja kvarenje u slu\u010daju nedovoljnog soljenja.<\/p>\n<p>Nakon zavr\u0161etka procesa soljenja ko\u017ee se istovaruju u box-palete. Ko\u017ea \u0107e u njima ostati pet do do sedam dana.<\/p>\n<p>U tom periodi ko\u017ea se konzervira; sol prodire u ko\u017eu te kalira s \u010dime se posti\u017ee znatno usporavanje kvarenja, tj. konzervacija.<\/p>\n<h3>Dosoljavanje ko\u017ee i rashla\u0111ivanje skladi\u0161ta<\/h3>\n<p>Druga faza zapo\u010dinje nakon pet do sedam dana, kada se ko\u017ea ponovno soli u mikseru i taj proces se zove dosoljavanje. Zbog bolje konzervacije ko\u017ea se soli s dodatnih 10% soli. Ko\u017ea i sol se na isti na\u010din ubacuju u mikser i dosoljava.<\/p>\n<p>Nakon zavr\u0161etka procesa dosoljavanja ko\u017ee se istovaruju na palete u plasti\u010dne \u201ebig-bag\u201c vre\u0107e u kojima \u0107e dalje stajati do vremena za isporuku, koje se naj\u010de\u0161\u0107e od dva do \u010detiri tjedna.<\/p>\n<p>Pritom je dobro pratiti temperaturu skladi\u0161ta zbog optimalnog uskladi\u0161tenja ko\u017ee. Optimalni raspon temperature za uskladi\u0161tenje je od +4\u00baC do +18\u00baC. Ukoliko temperatura naraste iznad +18 stupnjeva mogu se poduzeti odre\u0111ene mjere kako bi se temperatura vratila u optimalan okvir.<\/p>\n<p>U na\u0161em slu\u010daju to je kori\u0161tenje ure\u0111aja za hla\u0111enje. U slu\u010daju da nije mogu\u0107e kontrolirati porast temperature potrebno je poja\u010dati nadzor nad ko\u017eom \u010de\u0161\u0107im organolepti\u010dkim pregledima i poja\u010dati soljenje ko\u017ea kako bi se umanjio rizik od kvarenja kojem su ko\u017ee vi\u0161e podlo\u017ene.<\/p>\n<p>Praksa iz vremena kada nije bio ugra\u0111en ure\u0111aj za hla\u0111enje pokazala je da u najtoplijim mjesecima kada je temperatura u skladi\u0161tu dosezala 30 \u00baC bilo je potrebno soliti ko\u017eu s vi\u0161e soli. No, ni tada ko\u017ea nije pokazivala nikakve ozbiljne znakove kvarenja i truljenja. Temperatura ispod 4\u00baC na\u010delno ima pozitivan u\u010dinak kod \u010duvanja ko\u017ee od kvarenja.[\/vc_column_text][\/vc_column][\/vc_row][vc_row][vc_column][vc_column_text css=&#8221;&#8221; width=&#8221;1200&#8243;]\n<div id=\"gallery-1\" class=\"wpex-gallery wpex-grid wpex-grid-cols-2 wpex-gap-20 wpex-lightbox-group\"><figure class=\"gallery-item\"><a href=\"https:\/\/velmart.hr\/wp-content\/uploads\/2024\/11\/novo.jpg\" class=\"wpex-lightbox-group-item\" data-caption=\"Utovar svje\u017ee slanih gove\u0111ih ko\u017ea glava u kontejner za isporuku brodom\"><img width=\"900\" height=\"1096\" src=\"https:\/\/velmart.hr\/wp-content\/uploads\/2024\/11\/novo.jpg\" class=\"attachment-full size-full\" alt=\"\" loading=\"lazy\" decoding=\"async\" srcset=\"https:\/\/velmart.hr\/wp-content\/uploads\/2024\/11\/novo.jpg 900w, https:\/\/velmart.hr\/wp-content\/uploads\/2024\/11\/novo-246x300.jpg 246w, https:\/\/velmart.hr\/wp-content\/uploads\/2024\/11\/novo-841x1024.jpg 841w, https:\/\/velmart.hr\/wp-content\/uploads\/2024\/11\/novo-768x935.jpg 768w\" sizes=\"auto, (max-width: 900px) 100vw, 900px\" \/><\/a><figcaption class=\"gallery-caption wpex-last-mb-0\">Utovar svje\u017ee slanih gove\u0111ih ko\u017ea glava u kontejner za isporuku brodom<\/figcaption><\/figure><figure class=\"gallery-item\"><a href=\"https:\/\/velmart.hr\/wp-content\/uploads\/2024\/11\/novo2.jpg\" class=\"wpex-lightbox-group-item\" data-caption=\"Utovar svje\u017ee slanih gove\u0111ih ko\u017ea glava u kontejner za isporuku brodom\"><img width=\"900\" height=\"1096\" src=\"https:\/\/velmart.hr\/wp-content\/uploads\/2024\/11\/novo2.jpg\" class=\"attachment-full size-full\" alt=\"\" loading=\"lazy\" decoding=\"async\" srcset=\"https:\/\/velmart.hr\/wp-content\/uploads\/2024\/11\/novo2.jpg 900w, https:\/\/velmart.hr\/wp-content\/uploads\/2024\/11\/novo2-246x300.jpg 246w, https:\/\/velmart.hr\/wp-content\/uploads\/2024\/11\/novo2-841x1024.jpg 841w, https:\/\/velmart.hr\/wp-content\/uploads\/2024\/11\/novo2-768x935.jpg 768w\" sizes=\"auto, (max-width: 900px) 100vw, 900px\" \/><\/a><figcaption class=\"gallery-caption wpex-last-mb-0\">Utovar svje\u017ee slanih gove\u0111ih ko\u017ea glava u kontejner za isporuku brodom<\/figcaption><\/figure><\/div>\n\n[\/vc_column_text][\/vc_column][\/vc_row][vc_row][vc_column][vc_column_text css=&#8221;&#8221; width=&#8221;1200&#8243;]\n<h2>Pakiranje sirovih ko\u017ea i isporuka<\/h2>\n<p>Tre\u0107i korak obuhva\u0107a pakiranje, paletiziranje i vaganje ko\u017ee prije utovara. Ko\u017ea se smje\u0161ta u plasti\u010dne vodonepropusne big-bag vre\u0107e koje su sa svi strana vodonepropusne \u0161to smanjuje mogu\u0107nost curenja na minimum ili ni\u0161ta. Na taj na\u010din upakirane ko\u017ee su spremne za vaganje i isporuku. Uobi\u010dajeno se sla\u017ee oko 1100 kilograma ko\u017ea na jednu paletu.<\/p>\n<p>\u010cetvrti korak je posljednji korak u tehnolo\u0161kom procesu, a to je otprema (utovar) sirovih soljenih ko\u017ea. Paletizirane ko\u017ee se pod nadzorom utovaruju vili\u010darom u brodski kontejner ili \u0161leper, uz dokumente koji prate tu ko\u017eu dalje na njenom putu.[\/vc_column_text][\/vc_column][\/vc_row]\n<\/div>","protected":false},"excerpt":{"rendered":"<p>[vc_row][vc_column][\/vc_column][\/vc_row][vc_row][vc_column][vc_column_text css=&#8221;&#8221; width=&#8221;1200&#8243;] Kako konzerviramo sirove gove\u0111e ko\u017ee glava? Saznajte tehnolo\u0161ki proces konzerviranja sirove gove\u0111e ko\u017ee, eng. conservation of raw bovine head skin, morskom soli kako biste bila sigurna od kvarenja i spremna isporuku &#8211; kontejnerski i kamionski prijevoz. Tehnolo\u0161ki proces konzerviranja sirovih ko\u017ea u poduze\u0107u \u201cVelmart d.o.o.\u201d, zapo\u010dinje nakon \u0161to se sirova ko\u017ea transportira&hellip;<\/p>\n","protected":false},"author":1,"featured_media":0,"parent":0,"menu_order":0,"comment_status":"closed","ping_status":"closed","template":"","meta":{"footnotes":""},"class_list":["post-722","page","type-page","status-publish","hentry","entry","no-media"],"translation":{"provider":"WPGlobus","version":"3.0.2","language":"hr","enabled_languages":["en","hr"],"languages":{"en":{"title":true,"content":true,"excerpt":false},"hr":{"title":true,"content":true,"excerpt":false}}},"aioseo_notices":[],"_links":{"self":[{"href":"https:\/\/velmart.hr\/hr\/wp-json\/wp\/v2\/pages\/722","targetHints":{"allow":["GET"]}}],"collection":[{"href":"https:\/\/velmart.hr\/hr\/wp-json\/wp\/v2\/pages"}],"about":[{"href":"https:\/\/velmart.hr\/hr\/wp-json\/wp\/v2\/types\/page"}],"author":[{"embeddable":true,"href":"https:\/\/velmart.hr\/hr\/wp-json\/wp\/v2\/users\/1"}],"replies":[{"embeddable":true,"href":"https:\/\/velmart.hr\/hr\/wp-json\/wp\/v2\/comments?post=722"}],"version-history":[{"count":57,"href":"https:\/\/velmart.hr\/hr\/wp-json\/wp\/v2\/pages\/722\/revisions"}],"predecessor-version":[{"id":1182,"href":"https:\/\/velmart.hr\/hr\/wp-json\/wp\/v2\/pages\/722\/revisions\/1182"}],"wp:attachment":[{"href":"https:\/\/velmart.hr\/hr\/wp-json\/wp\/v2\/media?parent=722"}],"curies":[{"name":"wp","href":"https:\/\/api.w.org\/{rel}","templated":true}]}}