{"id":672,"date":"2024-10-17T10:31:31","date_gmt":"2024-10-17T08:31:31","guid":{"rendered":"https:\/\/velmart.hr\/?page_id=672"},"modified":"2024-11-05T14:02:46","modified_gmt":"2024-11-05T13:02:46","slug":"about-company","status":"publish","type":"page","link":"https:\/\/velmart.hr\/hr\/o-nama-2\/","title":{"rendered":"O nama"},"content":{"rendered":"<div class=\"wpb-content-wrapper\">[vc_row][vc_column]<style>.vcex-image.vcex_69e78f0e419ec .vcex-image-inner{max-width:1200px;}<\/style><figure class=\"vcex-image vcex-module wpex-text-center vcex_69e78f0e419ec\"><div class=\"vcex-image-inner wpex-relative wpex-inline-block\"><img width=\"1500\" height=\"1125\" src=\"https:\/\/velmart.hr\/wp-content\/uploads\/2024\/10\/o-nama.jpeg\" class=\"vcex-image-img wpex-align-middle\" alt=\"\" loading=\"lazy\" decoding=\"async\" srcset=\"https:\/\/velmart.hr\/wp-content\/uploads\/2024\/10\/o-nama.jpeg 1500w, https:\/\/velmart.hr\/wp-content\/uploads\/2024\/10\/o-nama-300x225.jpeg 300w, https:\/\/velmart.hr\/wp-content\/uploads\/2024\/10\/o-nama-1024x768.jpeg 1024w, https:\/\/velmart.hr\/wp-content\/uploads\/2024\/10\/o-nama-768x576.jpeg 768w\" sizes=\"auto, (max-width: 1500px) 100vw, 1500px\" \/><\/div><\/figure>[\/vc_column][\/vc_row][vc_row remove_bottom_col_margin=&#8221;true&#8221;][vc_column][vc_column_text css=&#8221;&#8221; width=&#8221;1200&#8243;]\n<h1>Saznajte sve o na\u0161oj tvrtki \u2013 Velmart d.o.o.<\/h1>\n<h2>Tvrtka ve\u0107 tri desetlje\u0107a radi na dobrim odnosima te zajedni\u010dkoj suradnji na\u0161ih poslovnih partnera, na\u0161ih djelatnika i cjelokupne dru\u0161tvene zajednice.<\/h2>\n<p>Velmart d.o.o. je tvrtka je iz Vara\u017edina, koja se bavi trgovinom, konzerviranjem i skladi\u0161tenjem sirove gove\u0111e ko\u017ee glava. U vi\u0161e od tri desetlje\u0107a postojanja uspostavili smo odli\u010dne poslovne odnose s dobavlja\u010dima i kupcima te svojim odgovornim radom stekli njihovo povjerenje.<\/p>\n<p>Tvrtka \u201cVelmart\u201d d.o.o. obiteljska je tvrtka osnovana u Vara\u017edinu po\u010detkom 1991. godine, i od samog po\u010detka se bavi trgovinom, konzerviranjem i skladi\u0161tenjem sirove gove\u0111e ko\u017ee.<\/p>\n<p>Druga generacija obitelji posljednjih nekoliko godina radi na modernizaciji i restrukturiranju tvrtke. Veselimo se novim poslovnim poduhvatima.<\/p>\n<h2>Na\u0161 posao i suradnja<\/h2>\n<p>Od samih po\u010detaka trudili smo se razvijati dobre i dugoro\u010dne poslovne odnose s hrvatskim klaonicama te drugim dobavlja\u010dima\/sakuplja\u010dima sirove ko\u017ee i kupcima.<\/p>\n<p><a href=\"https:\/\/velmart.hr\/wp-content\/uploads\/2024\/10\/download-7.jpeg\"><img loading=\"lazy\" decoding=\"async\" class=\"size-medium wp-image-991 alignleft\" src=\"https:\/\/velmart.hr\/wp-content\/uploads\/2024\/10\/download-7-300x208.jpeg\" alt=\"\" width=\"570\" height=\"570\" \/><\/a>Tvrtka se kroz vi\u0161e od tri desetlje\u0107a postojanja bavila otkupom, konzerviranjem i skladi\u0161tenje sirovih i sirovo-slanih gove\u0111ih ko\u017ea te preradom u polugotovu (wet-blue) i gotovu ko\u017eu, pri \u010demu su zapo\u0161ljavani kapaciteti ko\u017eara.<\/p>\n<p>No, danas su odre\u0111ene vrste sirovine i njihova prerada napu\u0161tene te se tvrtka bavi prikupljanjem, konzerviranjem i skladi\u0161tenjem sirovih gove\u0111ih ko\u017ea glava.<\/p>\n<p>Skladi\u0161te je danas registrirano za skladi\u0161tenje sirovih ko\u017ea &#8211; Nusproizvode \u017eivotinjskog porijekla \u2013 Kategorija 3 koji koji imaju \u0161iroku primjenu u industriji hrane za ku\u0107ne ljubimce te proizvodnju gotove ko\u017ee ali i druge namjene. Isporuke radimo diljem svijeta naj\u010de\u0161\u0107e kontejnerskim prijevozom.<\/p>\n<p>Tvrtka ve\u0107 tri desetlje\u0107a radi na dobrim odnosima te zajedni\u010dkoj suradnji na\u0161ih poslovnih partnera, na\u0161ih djelatnika i cjelokupne dru\u0161tvene zajednice. Ponosni smo \u0161to smo bili prva tvrtka na podru\u010dju Vara\u017edina s instaliranom solarnom elektranom koju djelomi\u010dno koristimo za vlastite potrebe.<\/p>\n<h3>Vjerujemo u&#8230;<\/h3>\n<p>&#8230;stvaranje novih kvalitetnih hrvatskih proizvoda<br \/>\n&#8230;po\u0161tivanje zakona i \u201efair play\u201c<br \/>\n&#8230;zadovoljavanje potreba doma\u0107ih i inozemnih dobavlja\u010da i kupaca<br \/>\n&#8230;u na\u0161e znanje, iskustvo i sposobnost da radimo i stvaramo dodanu vrijednost<br \/>\n&#8230;ekolo\u0161ke standarde i odr\u017eivi razvoj[\/vc_column_text]<div class=\"vcex-spacing wpex-w-100 wpex-clear\"><\/div><style>.vcex-button.vcex_69e78f0e44479{background:#f1c700;}.vcex-button.vcex_69e78f0e44479 .vcex-button-icon{color:#f1c700;}<\/style><div class=\"theme-button-wrap textcenter theme-button-block-wrap wpex-block wpex-clear wpex-clr\"><a href=\"http:\/\/www.velmart.hr\" class=\"vcex-button theme-button medium align-center active block vcex_69e78f0e44479\"><span class=\"vcex-button-inner theme-button-inner wpex-flex wpex-flex-wrap wpex-items-center wpex-justify-center\">SAZNAJTE VI\u0160E<\/span><\/a><\/div> [\/vc_column][\/vc_row][vc_row remove_bottom_col_margin=&#8221;true&#8221; css=&#8221;.vc_custom_1660609957538{padding-top: 40px !important;padding-bottom: 40px !important;}&#8221;][vc_column]<style>.vcex-heading.vcex_69e78f0e45375{color:#ffffff;font-size:var(--wpex-text-6xl);}.vcex-heading.vcex_69e78f0e45375 .vcex-heading-icon{color:#f1c700;}.vcex-heading.vcex_69e78f0e45375:hover{color:#ffffff;}<\/style><h3 class=\"vcex-heading vcex-heading-plain vcex-module wpex-heading wpex-text-2xl wpex-mb-20 wpex-text-center vcex_69e78f0e45375\"><span class=\"vcex-heading-inner wpex-inline-block\">Kontaktirajte nas<\/span><\/h3><div class=\"vcex-spacing wpex-w-100 wpex-clear\" style=\"height:15px;\"><\/div>[vc_column_text css=&#8221;.vc_custom_1730367939677{border-color: #dd3333 !important;}&#8221; width=&#8221;915&#8243;]\n<div class=\"wpcf7 no-js\" id=\"wpcf7-f1065-o1\" lang=\"hr\" dir=\"ltr\" data-wpcf7-id=\"1065\">\n<div class=\"screen-reader-response\"><p role=\"status\" aria-live=\"polite\" aria-atomic=\"true\"><\/p> <ul><\/ul><\/div>\n<form action=\"\/hr\/wp-json\/wp\/v2\/pages\/672#wpcf7-f1065-o1\" method=\"post\" class=\"wpcf7-form init\" aria-label=\"Contact form\" novalidate=\"novalidate\" data-status=\"init\">\n<fieldset class=\"hidden-fields-container\"><input type=\"hidden\" name=\"_wpcf7\" value=\"1065\" \/><input type=\"hidden\" name=\"_wpcf7_version\" value=\"6.1.5\" \/><input type=\"hidden\" name=\"_wpcf7_locale\" value=\"hr\" \/><input type=\"hidden\" name=\"_wpcf7_unit_tag\" value=\"wpcf7-f1065-o1\" \/><input type=\"hidden\" name=\"_wpcf7_container_post\" value=\"0\" \/><input type=\"hidden\" name=\"_wpcf7_posted_data_hash\" value=\"\" \/><input type=\"hidden\" name=\"_wpcf7_recaptcha_response\" value=\"\" \/>\n<\/fieldset>\n<div class=\"contact-row\">\n\t<p><label> Va\u0161e ime*<br \/>\n<span class=\"wpcf7-form-control-wrap\" data-name=\"your-name\"><input size=\"40\" maxlength=\"400\" class=\"wpcf7-form-control wpcf7-text wpcf7-validates-as-required\" aria-required=\"true\" aria-invalid=\"false\" value=\"\" type=\"text\" name=\"your-name\" \/><\/span><br \/>\n<\/label>\n\t<\/p>\n\t<p><label> Va\u0161 email*<br \/>\n<span class=\"wpcf7-form-control-wrap\" data-name=\"your-email\"><input size=\"40\" maxlength=\"400\" class=\"wpcf7-form-control wpcf7-email wpcf7-validates-as-required wpcf7-text wpcf7-validates-as-email\" aria-required=\"true\" aria-invalid=\"false\" value=\"\" type=\"email\" name=\"your-email\" \/><\/span><br \/>\n<\/label>\n\t<\/p>\n<\/div>\n<div class=\"full-width\">\n\t<p><label> Poruka*<br \/>\n<span class=\"wpcf7-form-control-wrap\" data-name=\"your-message\"><textarea cols=\"40\" rows=\"10\" maxlength=\"2000\" class=\"wpcf7-form-control wpcf7-textarea wpcf7-validates-as-required\" aria-required=\"true\" aria-invalid=\"false\" name=\"your-message\"><\/textarea><\/span><br \/>\n<\/label>\n\t<\/p>\n<\/div>\n<span class=\"wpcf7-form-control-wrap recaptcha\" data-name=\"recaptcha\"><span data-sitekey=\"6Lcb4OMZAAAAAIzrC8GqYzy2KNY-FkFJxeuJy0jT\" class=\"wpcf7-form-control wpcf7-recaptcha g-recaptcha\"><\/span>\r\n<noscript>\r\n\t<div class=\"grecaptcha-noscript\">\r\n\t\t<iframe src=\"https:\/\/www.google.com\/recaptcha\/api\/fallback?k=6Lcb4OMZAAAAAIzrC8GqYzy2KNY-FkFJxeuJy0jT\" frameborder=\"0\" scrolling=\"no\" width=\"310\" height=\"430\">\r\n\t\t<\/iframe>\r\n\t\t<textarea name=\"g-recaptcha-response\" rows=\"3\" cols=\"40\" placeholder=\"reCaptcha Response Here\">\r\n\t\t<\/textarea>\r\n\t<\/div>\r\n<\/noscript>\r\n<\/span>\n<p><input class=\"wpcf7-form-control wpcf7-submit has-spinner\" type=\"submit\" value=\"Po\u0161aljite\" \/>\n<\/p><p style=\"display: none !important;\" class=\"akismet-fields-container\" data-prefix=\"_wpcf7_ak_\"><label>&#916;<textarea name=\"_wpcf7_ak_hp_textarea\" cols=\"45\" rows=\"8\" maxlength=\"100\"><\/textarea><\/label><input type=\"hidden\" id=\"ak_js_1\" name=\"_wpcf7_ak_js\" value=\"41\"\/><script>document.getElementById( \"ak_js_1\" ).setAttribute( \"value\", ( new Date() ).getTime() );<\/script><\/p><div class=\"wpcf7-response-output\" aria-hidden=\"true\"><\/div>\n<\/form>\n<\/div>\n[\/vc_column_text][\/vc_column][\/vc_row]\n<\/div>","protected":false},"excerpt":{"rendered":"<p>[vc_row][vc_column][\/vc_column][\/vc_row][vc_row remove_bottom_col_margin=&#8221;true&#8221;][vc_column][vc_column_text css=&#8221;&#8221; width=&#8221;1200&#8243;] Saznajte sve o na\u0161oj tvrtki \u2013 Velmart d.o.o. Tvrtka ve\u0107 tri desetlje\u0107a radi na dobrim odnosima te zajedni\u010dkoj suradnji na\u0161ih poslovnih partnera, na\u0161ih djelatnika i cjelokupne dru\u0161tvene zajednice. Velmart d.o.o. je tvrtka je iz Vara\u017edina, koja se bavi trgovinom, konzerviranjem i skladi\u0161tenjem sirove gove\u0111e ko\u017ee glava. U vi\u0161e od tri desetlje\u0107a&hellip;<\/p>\n","protected":false},"author":1,"featured_media":0,"parent":0,"menu_order":0,"comment_status":"closed","ping_status":"closed","template":"","meta":{"footnotes":""},"class_list":["post-672","page","type-page","status-publish","hentry","entry","no-media"],"translation":{"provider":"WPGlobus","version":"3.0.2","language":"hr","enabled_languages":["en","hr"],"languages":{"en":{"title":true,"content":true,"excerpt":false},"hr":{"title":true,"content":true,"excerpt":false}}},"aioseo_notices":[],"_links":{"self":[{"href":"https:\/\/velmart.hr\/hr\/wp-json\/wp\/v2\/pages\/672","targetHints":{"allow":["GET"]}}],"collection":[{"href":"https:\/\/velmart.hr\/hr\/wp-json\/wp\/v2\/pages"}],"about":[{"href":"https:\/\/velmart.hr\/hr\/wp-json\/wp\/v2\/types\/page"}],"author":[{"embeddable":true,"href":"https:\/\/velmart.hr\/hr\/wp-json\/wp\/v2\/users\/1"}],"replies":[{"embeddable":true,"href":"https:\/\/velmart.hr\/hr\/wp-json\/wp\/v2\/comments?post=672"}],"version-history":[{"count":26,"href":"https:\/\/velmart.hr\/hr\/wp-json\/wp\/v2\/pages\/672\/revisions"}],"predecessor-version":[{"id":1067,"href":"https:\/\/velmart.hr\/hr\/wp-json\/wp\/v2\/pages\/672\/revisions\/1067"}],"wp:attachment":[{"href":"https:\/\/velmart.hr\/hr\/wp-json\/wp\/v2\/media?parent=672"}],"curies":[{"name":"wp","href":"https:\/\/api.w.org\/{rel}","templated":true}]}}