{"id":645,"date":"2022-10-25T21:53:50","date_gmt":"2022-10-25T21:53:50","guid":{"rendered":"https:\/\/totalwpdemos.wpenginepowered.com\/nick-miller\/?page_id=50"},"modified":"2024-11-05T15:10:57","modified_gmt":"2024-11-05T14:10:57","slug":"work","status":"publish","type":"page","link":"https:\/\/velmart.hr\/hr\/","title":{"rendered":"Naslovna"},"content":{"rendered":"<div class=\"wpb-content-wrapper\">[vc_row][vc_column width=&#8221;2\/3&#8243;][vc_column_text css_animation=&#8221;fadeIn&#8221; italic=&#8221;true&#8221; css=&#8221;.vc_custom_1730796903714{border-color: #cecece !important;}&#8221; font_family=&#8221;Lucida Console, Monaco, monospace&#8221; text_transform=&#8221;none&#8221; color=&#8221;#fafafa&#8221; text_align=&#8221;center&#8221; letter_spacing=&#8221;wide&#8221; font_weight=&#8221;bold&#8221; line_height=&#8221;tight&#8221;]\n<h1 style=\"text-align: left;\"><span style=\"color: #f1c700;\">Trgovina, konzerviranje i <\/span><span style=\"color: #f1c700;\">skladi\u0161tenje <\/span><\/h1>\n<h1 style=\"text-align: left;\"><span style=\"color: #f1c700;\">sirovih gove\u0111ih ko\u017ea<\/span><\/h1>\n[\/vc_column_text][\/vc_column][vc_column width=&#8221;1\/3&#8243;][\/vc_column][\/vc_row][vc_row][vc_column width=&#8221;1\/2&#8243;]<figure class=\"vcex-image vcex-module\"><div class=\"vcex-image-inner wpex-relative wpex-inline-block overlay-parent overlay-parent-title-bottom-see-through hvr hvr-shadow\"><a href=\"https:\/\/velmart.hr\/hr\/govede-sirovo-slane-koze\/\"><img width=\"1500\" height=\"999\" src=\"https:\/\/velmart.hr\/wp-content\/uploads\/2024\/10\/download-10.jpg\" class=\"vcex-image-img wpex-align-middle wpex-shadow-lg\" alt=\"\" loading=\"lazy\" decoding=\"async\" srcset=\"https:\/\/velmart.hr\/wp-content\/uploads\/2024\/10\/download-10.jpg 1500w, https:\/\/velmart.hr\/wp-content\/uploads\/2024\/10\/download-10-300x200.jpg 300w, https:\/\/velmart.hr\/wp-content\/uploads\/2024\/10\/download-10-1024x682.jpg 1024w, https:\/\/velmart.hr\/wp-content\/uploads\/2024\/10\/download-10-768x511.jpg 768w\" sizes=\"auto, (max-width: 1500px) 100vw, 1500px\" \/>\n<div class=\"overlay-title-bottom-see-through theme-overlay wpex-absolute wpex-bottom-0 wpex-inset-x-0 wpex-py-10 wpex-px-20 wpex-text-white wpex-text-md wpex-text-center\">\n\t<span class=\"overlay-bg wpex-bg-black wpex-block wpex-absolute wpex-inset-0 wpex-opacity-60\"><\/span>\n\t<div class=\"overlay-content wpex-relative\">SIROVO-SLANE GOVE\u0110E KO\u017dE<\/div>\n<\/div><\/a><\/div><\/figure>[\/vc_column][vc_column width=&#8221;1\/2&#8243;]<figure class=\"vcex-image vcex-module\"><div class=\"vcex-image-inner wpex-relative wpex-inline-block overlay-parent overlay-parent-title-bottom-see-through hvr hvr-shadow\"><a href=\"https:\/\/velmart.hr\/hr\/sirove-govede-koze-glava\/\"><img width=\"1200\" height=\"801\" src=\"https:\/\/velmart.hr\/wp-content\/uploads\/2024\/10\/gore_desno-fotor-2024102592647-1.jpg\" class=\"vcex-image-img wpex-align-middle wpex-shadow-lg\" alt=\"\" loading=\"lazy\" decoding=\"async\" srcset=\"https:\/\/velmart.hr\/wp-content\/uploads\/2024\/10\/gore_desno-fotor-2024102592647-1.jpg 1200w, https:\/\/velmart.hr\/wp-content\/uploads\/2024\/10\/gore_desno-fotor-2024102592647-1-300x200.jpg 300w, https:\/\/velmart.hr\/wp-content\/uploads\/2024\/10\/gore_desno-fotor-2024102592647-1-1024x684.jpg 1024w, https:\/\/velmart.hr\/wp-content\/uploads\/2024\/10\/gore_desno-fotor-2024102592647-1-768x513.jpg 768w\" sizes=\"auto, (max-width: 1200px) 100vw, 1200px\" \/>\n<div class=\"overlay-title-bottom-see-through theme-overlay wpex-absolute wpex-bottom-0 wpex-inset-x-0 wpex-py-10 wpex-px-20 wpex-text-white wpex-text-md wpex-text-center\">\n\t<span class=\"overlay-bg wpex-bg-black wpex-block wpex-absolute wpex-inset-0 wpex-opacity-60\"><\/span>\n\t<div class=\"overlay-content wpex-relative\">SIROVE GOVE\u0110E KO\u017dE GLAVA<\/div>\n<\/div><\/a><\/div><\/figure>[\/vc_column][\/vc_row][vc_row][vc_column width=&#8221;1\/2&#8243;]<figure class=\"vcex-image vcex-module\"><div class=\"vcex-image-inner wpex-relative wpex-inline-block overlay-parent overlay-parent-title-bottom-see-through hvr hvr-shadow\"><a href=\"https:\/\/velmart.hr\/hr\/konzervacija-sirovih-govedih-koza-glava\/\"><img width=\"2560\" height=\"1920\" src=\"https:\/\/velmart.hr\/wp-content\/uploads\/2024\/10\/tehonoloski-proces-scaled.jpg\" class=\"vcex-image-img wpex-align-middle wpex-shadow-lg\" alt=\"\" loading=\"lazy\" decoding=\"async\" srcset=\"https:\/\/velmart.hr\/wp-content\/uploads\/2024\/10\/tehonoloski-proces-scaled.jpg 2560w, https:\/\/velmart.hr\/wp-content\/uploads\/2024\/10\/tehonoloski-proces-300x225.jpg 300w, https:\/\/velmart.hr\/wp-content\/uploads\/2024\/10\/tehonoloski-proces-1024x768.jpg 1024w, https:\/\/velmart.hr\/wp-content\/uploads\/2024\/10\/tehonoloski-proces-768x576.jpg 768w, https:\/\/velmart.hr\/wp-content\/uploads\/2024\/10\/tehonoloski-proces-1536x1152.jpg 1536w, https:\/\/velmart.hr\/wp-content\/uploads\/2024\/10\/tehonoloski-proces-2048x1536.jpg 2048w\" sizes=\"auto, (max-width: 2560px) 100vw, 2560px\" \/>\n<div class=\"overlay-title-bottom-see-through theme-overlay wpex-absolute wpex-bottom-0 wpex-inset-x-0 wpex-py-10 wpex-px-20 wpex-text-white wpex-text-md wpex-text-center\">\n\t<span class=\"overlay-bg wpex-bg-black wpex-block wpex-absolute wpex-inset-0 wpex-opacity-60\"><\/span>\n\t<div class=\"overlay-content wpex-relative\">TEHNOLO\u0160KI PROCES<\/div>\n<\/div><\/a><\/div><\/figure>[\/vc_column][vc_column width=&#8221;1\/2&#8243;]<figure class=\"vcex-image vcex-module\"><div class=\"vcex-image-inner wpex-relative wpex-inline-block overlay-parent overlay-parent-title-bottom-see-through hvr hvr-shadow\"><a href=\"https:\/\/velmart.hr\/hr\/o-nama-2\/\"><img width=\"1500\" height=\"1125\" src=\"https:\/\/velmart.hr\/wp-content\/uploads\/2024\/10\/o-nama.jpeg\" class=\"vcex-image-img wpex-align-middle wpex-shadow-lg\" alt=\"\" loading=\"lazy\" decoding=\"async\" srcset=\"https:\/\/velmart.hr\/wp-content\/uploads\/2024\/10\/o-nama.jpeg 1500w, https:\/\/velmart.hr\/wp-content\/uploads\/2024\/10\/o-nama-300x225.jpeg 300w, https:\/\/velmart.hr\/wp-content\/uploads\/2024\/10\/o-nama-1024x768.jpeg 1024w, https:\/\/velmart.hr\/wp-content\/uploads\/2024\/10\/o-nama-768x576.jpeg 768w\" sizes=\"auto, (max-width: 1500px) 100vw, 1500px\" \/>\n<div class=\"overlay-title-bottom-see-through theme-overlay wpex-absolute wpex-bottom-0 wpex-inset-x-0 wpex-py-10 wpex-px-20 wpex-text-white wpex-text-md wpex-text-center\">\n\t<span class=\"overlay-bg wpex-bg-black wpex-block wpex-absolute wpex-inset-0 wpex-opacity-60\"><\/span>\n\t<div class=\"overlay-content wpex-relative\">O NAMA<\/div>\n<\/div><\/a><\/div><\/figure>[\/vc_column][\/vc_row][vc_row][vc_column]<style>.vcex-button.vcex_69e77939ba597{background:#f1c700;font-family:Verdana, Geneva, sans-serif;}<\/style><div class=\"vc_custom_1730812648294 wpex-clr\"><div class=\"theme-button-wrap textcenter wpex-clr\"><a href=\"https:\/\/velmart.hr\/hr\/kontaktirajte-nas\/\" class=\"vcex-button theme-button three-d gold large align-center inline hvr hvr-shadow vcex_69e77939ba597\"><span class=\"vcex-button-inner theme-button-inner wpex-flex wpex-flex-wrap wpex-items-center wpex-justify-center\">Kontaktirajte nas \u2013 kupci i prodava\u010di sirove gove\u0111e ko\u017ee<\/span><\/a><\/div><\/div> [\/vc_column][\/vc_row]\n<\/div>","protected":false},"excerpt":{"rendered":"<p>[vc_row][vc_column width=&#8221;2\/3&#8243;][vc_column_text css_animation=&#8221;fadeIn&#8221; italic=&#8221;true&#8221; css=&#8221;.vc_custom_1730796903714{border-color: #cecece !important;}&#8221; font_family=&#8221;Lucida Console, Monaco, monospace&#8221; text_transform=&#8221;none&#8221; color=&#8221;#fafafa&#8221; text_align=&#8221;center&#8221; letter_spacing=&#8221;wide&#8221; font_weight=&#8221;bold&#8221; line_height=&#8221;tight&#8221;] Trgovina, konzerviranje i skladi\u0161tenje sirovih gove\u0111ih ko\u017ea [\/vc_column_text][\/vc_column][vc_column width=&#8221;1\/3&#8243;][\/vc_column][\/vc_row][vc_row][vc_column width=&#8221;1\/2&#8243;][\/vc_column][vc_column width=&#8221;1\/2&#8243;][\/vc_column][\/vc_row][vc_row][vc_column width=&#8221;1\/2&#8243;][\/vc_column][vc_column width=&#8221;1\/2&#8243;][\/vc_column][\/vc_row][vc_row][vc_column][\/vc_column][\/vc_row]<\/p>\n","protected":false},"author":1,"featured_media":0,"parent":0,"menu_order":0,"comment_status":"closed","ping_status":"closed","template":"","meta":{"footnotes":""},"class_list":["post-645","page","type-page","status-publish","hentry","entry","no-media"],"translation":{"provider":"WPGlobus","version":"3.0.2","language":"hr","enabled_languages":["en","hr"],"languages":{"en":{"title":true,"content":true,"excerpt":false},"hr":{"title":true,"content":true,"excerpt":false}}},"aioseo_notices":[],"_links":{"self":[{"href":"https:\/\/velmart.hr\/hr\/wp-json\/wp\/v2\/pages\/645","targetHints":{"allow":["GET"]}}],"collection":[{"href":"https:\/\/velmart.hr\/hr\/wp-json\/wp\/v2\/pages"}],"about":[{"href":"https:\/\/velmart.hr\/hr\/wp-json\/wp\/v2\/types\/page"}],"author":[{"embeddable":true,"href":"https:\/\/velmart.hr\/hr\/wp-json\/wp\/v2\/users\/1"}],"replies":[{"embeddable":true,"href":"https:\/\/velmart.hr\/hr\/wp-json\/wp\/v2\/comments?post=645"}],"version-history":[{"count":54,"href":"https:\/\/velmart.hr\/hr\/wp-json\/wp\/v2\/pages\/645\/revisions"}],"predecessor-version":[{"id":1166,"href":"https:\/\/velmart.hr\/hr\/wp-json\/wp\/v2\/pages\/645\/revisions\/1166"}],"wp:attachment":[{"href":"https:\/\/velmart.hr\/hr\/wp-json\/wp\/v2\/media?parent=645"}],"curies":[{"name":"wp","href":"https:\/\/api.w.org\/{rel}","templated":true}]}}