{"id":64,"date":"2016-11-15T09:28:01","date_gmt":"2016-11-15T08:28:01","guid":{"rendered":"http:\/\/144.76.24.212\/~velmart\/?page_id=64"},"modified":"2017-01-18T15:01:52","modified_gmt":"2017-01-18T14:01:52","slug":"kategorizacija-krupne-sirove-koze","status":"publish","type":"page","link":"https:\/\/velmart.hr\/hr\/kategorizacija-krupne-sirove-koze\/","title":{"rendered":"Kategorizacija sirove gove\u0111e ko\u017ee"},"content":{"rendered":"<p>Sirova ko\u017ea se nakon preuzimanja u klaonicama zaprima u skladi\u0161te, pregledava, sortira po vrsti, te\u017einskoj kategoriji i klasi, te konzervira solju. Ulaz sirove ko\u017ee u skladi\u0161te i otprema ko\u017ee poznatom kupcu vr\u0161i se pod nadzorom, te otprema sa svim potrebnim dokumentima.<\/p>\n\n<table id=\"tablepress-1\" class=\"tablepress tablepress-id-1\">\n<thead>\n<tr class=\"row-1\">\n\t<th class=\"column-1\">VRSTA KO\u017dE<\/th><th class=\"column-2\">KLASA<\/th>\n<\/tr>\n<\/thead>\n<tbody class=\"row-striping\">\n<tr class=\"row-2\">\n\t<td class=\"column-1\">Tele\u0107a ko\u017ea<\/td><td class=\"column-2\">I.-II.<\/td>\n<\/tr>\n<tr class=\"row-3\">\n\t<td class=\"column-1\">Tele\u0107a ko\u017ea<\/td><td class=\"column-2\">III.-IV.<\/td>\n<\/tr>\n<tr class=\"row-4\">\n\t<td class=\"column-1\">June\u0107a ko\u017ea<\/td><td class=\"column-2\">I.-II.<\/td>\n<\/tr>\n<tr class=\"row-5\">\n\t<td class=\"column-1\">June\u0107a ko\u017ea<\/td><td class=\"column-2\">III.-IV.<\/td>\n<\/tr>\n<tr class=\"row-6\">\n\t<td class=\"column-1\">Kravlja ko\u017ea<\/td><td class=\"column-2\">I.-II.<\/td>\n<\/tr>\n<tr class=\"row-7\">\n\t<td class=\"column-1\">Kravlja ko\u017ea<\/td><td class=\"column-2\">III.-IV<\/td>\n<\/tr>\n<\/tbody>\n<\/table>\n<!-- #tablepress-1 from cache -->\n\n<table id=\"tablepress-2\" class=\"tablepress tablepress-id-2\">\n<thead>\n<tr class=\"row-1\">\n\t<th class=\"column-1\">RAWHIDES<\/th><th class=\"column-2\">WEIGHT CATEGORY<\/th>\n<\/tr>\n<\/thead>\n<tbody class=\"row-striping\">\n<tr class=\"row-2\">\n\t<td class=\"column-1\">Tele\u0107a ko\u017ea<\/td><td class=\"column-2\">4-8 kg<\/td>\n<\/tr>\n<tr class=\"row-3\">\n\t<td class=\"column-1\">Tele\u0107a ko\u017ea<\/td><td class=\"column-2\">9-13 kg<\/td>\n<\/tr>\n<tr class=\"row-4\">\n\t<td class=\"column-1\">June\u0107a ko\u017ea<\/td><td class=\"column-2\">14-19 kg<\/td>\n<\/tr>\n<tr class=\"row-5\">\n\t<td class=\"column-1\">June\u0107a ko\u017ea<\/td><td class=\"column-2\">20\/30 kg<\/td>\n<\/tr>\n<tr class=\"row-6\">\n\t<td class=\"column-1\">June\u0107a ko\u017ea<\/td><td class=\"column-2\">30\/40 kg<\/td>\n<\/tr>\n<tr class=\"row-7\">\n\t<td class=\"column-1\">June\u0107a ko\u017ea<\/td><td class=\"column-2\">40+ kg<\/td>\n<\/tr>\n<tr class=\"row-8\">\n\t<td class=\"column-1\">Kravlja ko\u017ea<\/td><td class=\"column-2\">-35 kg<\/td>\n<\/tr>\n<tr class=\"row-9\">\n\t<td class=\"column-1\">Kravlja ko\u017ea<\/td><td class=\"column-2\">+35 kg<\/td>\n<\/tr>\n<\/tbody>\n<\/table>\n<!-- #tablepress-2 from cache -->\n<hr \/>\n<p>Prilikom isporuke ko\u017ea se stavlja na palete i pakira. Kamion se prije utovara dezinficira, a nakon toga se zbog za\u0161tite od eventualnog curenja prilikom transporta na dno utovarnog prostora stavlja plasti\u010dna folija i piljevina. Kamion mora biti zatvorenog tipa.<\/p>\n","protected":false},"excerpt":{"rendered":"<p>Sirova ko\u017ea se nakon preuzimanja u klaonicama zaprima u skladi\u0161te, pregledava, sortira po vrsti, te\u017einskoj kategoriji i klasi, te konzervira solju. Ulaz sirove ko\u017ee u skladi\u0161te i otprema ko\u017ee poznatom kupcu vr\u0161i se pod nadzorom, te otprema sa svim potrebnim dokumentima. Prilikom isporuke ko\u017ea se stavlja na palete i pakira. Kamion se prije utovara dezinficira,&hellip;<\/p>\n","protected":false},"author":1,"featured_media":0,"parent":0,"menu_order":0,"comment_status":"closed","ping_status":"closed","template":"page-templates\/full-width.php","meta":{"footnotes":""},"class_list":["post-64","page","type-page","status-publish","hentry","entry","no-media"],"translation":{"provider":"WPGlobus","version":"3.0.2","language":"hr","enabled_languages":["en","hr"],"languages":{"en":{"title":true,"content":true,"excerpt":false},"hr":{"title":true,"content":true,"excerpt":false}}},"aioseo_notices":[],"_links":{"self":[{"href":"https:\/\/velmart.hr\/hr\/wp-json\/wp\/v2\/pages\/64","targetHints":{"allow":["GET"]}}],"collection":[{"href":"https:\/\/velmart.hr\/hr\/wp-json\/wp\/v2\/pages"}],"about":[{"href":"https:\/\/velmart.hr\/hr\/wp-json\/wp\/v2\/types\/page"}],"author":[{"embeddable":true,"href":"https:\/\/velmart.hr\/hr\/wp-json\/wp\/v2\/users\/1"}],"replies":[{"embeddable":true,"href":"https:\/\/velmart.hr\/hr\/wp-json\/wp\/v2\/comments?post=64"}],"version-history":[{"count":9,"href":"https:\/\/velmart.hr\/hr\/wp-json\/wp\/v2\/pages\/64\/revisions"}],"predecessor-version":[{"id":253,"href":"https:\/\/velmart.hr\/hr\/wp-json\/wp\/v2\/pages\/64\/revisions\/253"}],"wp:attachment":[{"href":"https:\/\/velmart.hr\/hr\/wp-json\/wp\/v2\/media?parent=64"}],"curies":[{"name":"wp","href":"https:\/\/api.w.org\/{rel}","templated":true}]}}