{"id":358,"date":"2018-10-11T10:20:24","date_gmt":"2018-10-11T08:20:24","guid":{"rendered":"http:\/\/velmart.hr\/?page_id=358"},"modified":"2020-10-01T15:09:30","modified_gmt":"2020-10-01T13:09:30","slug":"dobavljaci-sirovih-koza-glava","status":"publish","type":"page","link":"https:\/\/velmart.hr\/hr\/dobavljaci-sirovih-koza-glava\/","title":{"rendered":"TRA\u017dE SE DOBAVLJA\u010cI sirovih ko\u017ea glava"},"content":{"rendered":"<p>Intenzivno tra\u017eimo nove dobavlja\u010de svje\u017eih sirovih ko\u017ea glava od krava iz zemlje i inozemstva (Europske unije i zemalja tre\u0107eg svijeta)<\/p>\n<p>Moraju biti skinute prema poznatim standardima i sadr\u017eavati sve potrebne anatomske dijelove \u2013 ko\u017eu glave, u\u0161i i nos.<\/p>\n<p>Kontaktirajte nas putem kontakt obrasca na na\u0161oj web stranici ili kontakt telefona. Odgovorit \u0107emo vam u najkra\u0107em mogu\u0107em roku.<\/p>\n<p>Veselimo se novim suradnjama!<\/p>\n","protected":false},"excerpt":{"rendered":"<p>Intenzivno tra\u017eimo nove dobavlja\u010de svje\u017eih sirovih ko\u017ea glava od krava iz zemlje i inozemstva (Europske unije i zemalja tre\u0107eg svijeta) Moraju biti skinute prema poznatim standardima i sadr\u017eavati sve potrebne anatomske dijelove \u2013 ko\u017eu glave, u\u0161i i nos. Kontaktirajte nas putem kontakt obrasca na na\u0161oj web stranici ili kontakt telefona. Odgovorit \u0107emo vam u najkra\u0107em&hellip;<\/p>\n","protected":false},"author":1,"featured_media":0,"parent":0,"menu_order":0,"comment_status":"closed","ping_status":"closed","template":"","meta":{"footnotes":""},"class_list":["post-358","page","type-page","status-publish","hentry","entry","no-media"],"translation":{"provider":"WPGlobus","version":"3.0.2","language":"hr","enabled_languages":["en","hr"],"languages":{"en":{"title":true,"content":true,"excerpt":false},"hr":{"title":true,"content":true,"excerpt":false}}},"aioseo_notices":[],"_links":{"self":[{"href":"https:\/\/velmart.hr\/hr\/wp-json\/wp\/v2\/pages\/358","targetHints":{"allow":["GET"]}}],"collection":[{"href":"https:\/\/velmart.hr\/hr\/wp-json\/wp\/v2\/pages"}],"about":[{"href":"https:\/\/velmart.hr\/hr\/wp-json\/wp\/v2\/types\/page"}],"author":[{"embeddable":true,"href":"https:\/\/velmart.hr\/hr\/wp-json\/wp\/v2\/users\/1"}],"replies":[{"embeddable":true,"href":"https:\/\/velmart.hr\/hr\/wp-json\/wp\/v2\/comments?post=358"}],"version-history":[{"count":6,"href":"https:\/\/velmart.hr\/hr\/wp-json\/wp\/v2\/pages\/358\/revisions"}],"predecessor-version":[{"id":413,"href":"https:\/\/velmart.hr\/hr\/wp-json\/wp\/v2\/pages\/358\/revisions\/413"}],"wp:attachment":[{"href":"https:\/\/velmart.hr\/hr\/wp-json\/wp\/v2\/media?parent=358"}],"curies":[{"name":"wp","href":"https:\/\/api.w.org\/{rel}","templated":true}]}}