{"id":25,"date":"2016-11-11T09:38:31","date_gmt":"2016-11-11T08:38:31","guid":{"rendered":"http:\/\/144.76.24.212\/~velmart\/?page_id=25"},"modified":"2020-11-11T14:10:11","modified_gmt":"2020-11-11T13:10:11","slug":"sirova-koza","status":"publish","type":"page","link":"https:\/\/velmart.hr\/hr\/sirova-koza\/","title":{"rendered":"Sirova ko\u017ea"},"content":{"rendered":"<p><img loading=\"lazy\" decoding=\"async\" class=\"size-full wp-image-28 aligncenter\" src=\"http:\/\/velmart.hr\/wp-content\/uploads\/2016\/11\/koza-sirova-1.jpg\" alt=\"sirova ko\u017ea\" width=\"980\" height=\"450\" \/><\/p>\n<p>Prikupljanje sirove tele\u0107e, june\u0107e i gove\u0111e ko\u017ee na\u0161a je najstarija djelatnost te u tom segmentu i dalje mo\u017eemo ostvariti suradnju i zadovoljiti specifi\u010dne potrebe kupca. <\/p>\n<p>Na\u0161e skladi\u0161te je registrirano za skladi\u0161tenje sirovih ko\u017ea za tehni\u010dku i ljudsku uporabu (\u017eelatina, kolagen), te se prilikom kupnje izdaje sva potrebna dokumentacija i certifikati.<\/p>\n<p>Nusproizvodi \u017eivotinjskog porijekla  &#8211; Kategorija 3<\/p>\n<p>Velmart d.o.o. ima registrirano skladi\u0161te za skladi\u0161tenje Nusproizvoda \u017eivotinjskog podrijetla \u2013 Kategorija 3 (HR01-011NP), u koju spada sirova ko\u017ea koja nije za ljudsku, nego za tehni\u010dku upotrebu, odnosno preradu.<\/p>\n<p>U Kategoriju 3 pripadaju i ko\u017ee gove\u0111ih glava, koje isto tako prikupljamo od poznatih dobavlja\u010da.<\/p>\n<p>\u017delatina i kolagen<\/p>\n<p>Velmart d.o.o. je upisan u Upisnik odobrenja djelatnosti skladi\u0161tenje sirovina (sirove ko\u017ee) za proizvodnju \u017eelatine i kolagena namijenjenih prehrani ljudi (odobreni broj objekta: 45).<\/p>\n<p>Ko\u017ea koja se kasnije prera\u0111uje za ljudsku uporabu skladi\u0161ti se u posebnom dijelu skladi\u0161ta s rashladnim sustavom. Sve ko\u017ee na sebi imaju markice i popratnu dokumentaciju kojom se prati sljedivost, odnosno njena zdravstvena ispravnost.<\/p>\n<p>&nbsp;<\/p>\n","protected":false},"excerpt":{"rendered":"<p>Prikupljanje sirove tele\u0107e, june\u0107e i gove\u0111e ko\u017ee na\u0161a je najstarija djelatnost te u tom segmentu i dalje mo\u017eemo ostvariti suradnju i zadovoljiti specifi\u010dne potrebe kupca. Na\u0161e skladi\u0161te je registrirano za skladi\u0161tenje sirovih ko\u017ea za tehni\u010dku i ljudsku uporabu (\u017eelatina, kolagen), te se prilikom kupnje izdaje sva potrebna dokumentacija i certifikati. Nusproizvodi \u017eivotinjskog porijekla &#8211; Kategorija&hellip;<\/p>\n","protected":false},"author":1,"featured_media":109,"parent":0,"menu_order":0,"comment_status":"closed","ping_status":"closed","template":"page-templates\/full-width.php","meta":{"footnotes":""},"class_list":["post-25","page","type-page","status-publish","has-post-thumbnail","hentry","entry","has-media"],"translation":{"provider":"WPGlobus","version":"3.0.2","language":"hr","enabled_languages":["en","hr"],"languages":{"en":{"title":true,"content":true,"excerpt":false},"hr":{"title":true,"content":true,"excerpt":false}}},"aioseo_notices":[],"_links":{"self":[{"href":"https:\/\/velmart.hr\/hr\/wp-json\/wp\/v2\/pages\/25","targetHints":{"allow":["GET"]}}],"collection":[{"href":"https:\/\/velmart.hr\/hr\/wp-json\/wp\/v2\/pages"}],"about":[{"href":"https:\/\/velmart.hr\/hr\/wp-json\/wp\/v2\/types\/page"}],"author":[{"embeddable":true,"href":"https:\/\/velmart.hr\/hr\/wp-json\/wp\/v2\/users\/1"}],"replies":[{"embeddable":true,"href":"https:\/\/velmart.hr\/hr\/wp-json\/wp\/v2\/comments?post=25"}],"version-history":[{"count":23,"href":"https:\/\/velmart.hr\/hr\/wp-json\/wp\/v2\/pages\/25\/revisions"}],"predecessor-version":[{"id":455,"href":"https:\/\/velmart.hr\/hr\/wp-json\/wp\/v2\/pages\/25\/revisions\/455"}],"wp:featuredmedia":[{"embeddable":true,"href":"https:\/\/velmart.hr\/hr\/wp-json\/wp\/v2\/media\/109"}],"wp:attachment":[{"href":"https:\/\/velmart.hr\/hr\/wp-json\/wp\/v2\/media?parent=25"}],"curies":[{"name":"wp","href":"https:\/\/api.w.org\/{rel}","templated":true}]}}