{"id":2,"date":"2022-10-25T21:12:10","date_gmt":"2022-10-25T21:12:10","guid":{"rendered":"https:\/\/totalwpdemos.wpenginepowered.com\/nick-miller\/?page_id=2"},"modified":"2024-11-05T14:16:30","modified_gmt":"2024-11-05T13:16:30","slug":"contact-us-raw-bovine-skins","status":"publish","type":"page","link":"https:\/\/velmart.hr\/hr\/kontaktirajte-nas\/","title":{"rendered":"Kontakt"},"content":{"rendered":"<div class=\"wpb-content-wrapper\">[vc_row][vc_column][vc_column_text css=&#8221;&#8221;]<iframe loading=\"lazy\" style=\"border: 0;\" src=\"https:\/\/www.google.com\/maps\/embed?pb=!1m18!1m12!1m3!1d2757.1341675090534!2d16.350350976971605!3d46.28730867109939!2m3!1f0!2f0!3f0!3m2!1i1024!2i768!4f13.1!3m3!1m2!1s0x4768aaeb4bed772d%3A0x792fd8078a46c1e6!2sVELMART%20d.o.o.!5e0!3m2!1shr!2shr!4v1729240237298!5m2!1shr!2shr\" width=\"1600\" height=\"450\" allowfullscreen=\"allowfullscreen\"><\/iframe><\/p>\n<h1><\/h1>\n<h2><\/h2>\n[\/vc_column_text][\/vc_column][\/vc_row][vc_row][vc_column][vc_column_text css=&#8221;&#8221; width=&#8221;1200&#8243;]\n<h1>Kontaktirajte nas \u2013 kupci i prodava\u010di sirove gove\u0111e ko\u017ee<\/h1>\n<h2><strong>Velmart d.o.o.<\/strong> bavi prikupljanjem sirovih i sirovo-slanih gove\u0111ih ko\u017ea glava, koje spadaju pod Nusproizvode \u017eivotinjskog porijekla \u2013 Kategorija 3.<\/h2>\n<p>Iako, je na\u0161 prvenstveni cilj odr\u017eavanje dugogodi\u0161njih poslovnih suradnja sa stalnim dobavlja\u010dima i kupcima, svakako smo zainteresirani za uspostavu kontakata i poslovnih odnosa s tvrtkama, odnosno dobavlja\u010dima i kupcima iz cijelog svijeta.<\/p>\n<p>Ako ste potencijalni dobavlja\u010d ili kupac kontaktirajte nas putem kontakt obrasca na na\u0161oj web stranici, dru\u0161tvenih mre\u017ea ili kontakt telefona. Odgovorit \u0107emo vam u najkra\u0107em mogu\u0107em roku.<\/p>\n<p>Preferirani jezik za strane dr\u017eavljane je engleski jezik.[\/vc_column_text]<div class=\"vcex-spacing wpex-w-100 wpex-clear\"><\/div><style>.vcex-button.vcex_69e7a63d446b8{background:#f1c700;}<\/style><div class=\"theme-button-wrap textcenter theme-button-block-wrap wpex-block wpex-clear wpex-clr\"><a href=\"http:\/\/www.velmart.hr\" class=\"vcex-button theme-button outline medium align-center block vcex_69e7a63d446b8\"><span class=\"vcex-button-inner theme-button-inner wpex-flex wpex-flex-wrap wpex-items-center wpex-justify-center\">SAZNAJTE VI\u0160E<\/span><\/a><\/div> [\/vc_column][\/vc_row][vc_row remove_bottom_col_margin=&#8221;true&#8221; css=&#8221;.vc_custom_1660609957538{padding-top: 40px !important;padding-bottom: 40px !important;}&#8221;][vc_column]<style>.vcex-heading.vcex_69e7a63d4522f{color:#ffffff;font-size:var(--wpex-text-6xl);}.vcex-heading.vcex_69e7a63d4522f .vcex-heading-icon{color:#f1c700;}.vcex-heading.vcex_69e7a63d4522f:hover{color:#ffffff;}<\/style><h3 class=\"vcex-heading vcex-heading-plain vcex-module wpex-heading wpex-text-2xl wpex-mb-20 wpex-text-center vcex_69e7a63d4522f\"><span class=\"vcex-heading-inner wpex-inline-block\">Kontaktirajte nas<\/span><\/h3><div class=\"vcex-spacing wpex-w-100 wpex-clear\" style=\"height:15px;\"><\/div>[vc_column_text css=&#8221;.vc_custom_1730368331875{border-color: #dd3333 !important;}&#8221; width=&#8221;915&#8243;]\n<div class=\"wpcf7 no-js\" id=\"wpcf7-f1065-o1\" lang=\"hr\" dir=\"ltr\" data-wpcf7-id=\"1065\">\n<div class=\"screen-reader-response\"><p role=\"status\" aria-live=\"polite\" aria-atomic=\"true\"><\/p> <ul><\/ul><\/div>\n<form action=\"\/hr\/wp-json\/wp\/v2\/pages\/2#wpcf7-f1065-o1\" method=\"post\" class=\"wpcf7-form init\" aria-label=\"Contact form\" novalidate=\"novalidate\" data-status=\"init\">\n<fieldset class=\"hidden-fields-container\"><input type=\"hidden\" name=\"_wpcf7\" value=\"1065\" \/><input type=\"hidden\" name=\"_wpcf7_version\" value=\"6.1.5\" \/><input type=\"hidden\" name=\"_wpcf7_locale\" value=\"hr\" \/><input type=\"hidden\" name=\"_wpcf7_unit_tag\" value=\"wpcf7-f1065-o1\" \/><input type=\"hidden\" name=\"_wpcf7_container_post\" value=\"0\" \/><input type=\"hidden\" name=\"_wpcf7_posted_data_hash\" value=\"\" \/><input type=\"hidden\" name=\"_wpcf7_recaptcha_response\" value=\"\" \/>\n<\/fieldset>\n<div class=\"contact-row\">\n\t<p><label> Va\u0161e ime*<br \/>\n<span class=\"wpcf7-form-control-wrap\" data-name=\"your-name\"><input size=\"40\" maxlength=\"400\" class=\"wpcf7-form-control wpcf7-text wpcf7-validates-as-required\" aria-required=\"true\" aria-invalid=\"false\" value=\"\" type=\"text\" name=\"your-name\" \/><\/span><br \/>\n<\/label>\n\t<\/p>\n\t<p><label> Va\u0161 email*<br \/>\n<span class=\"wpcf7-form-control-wrap\" data-name=\"your-email\"><input size=\"40\" maxlength=\"400\" class=\"wpcf7-form-control wpcf7-email wpcf7-validates-as-required wpcf7-text wpcf7-validates-as-email\" aria-required=\"true\" aria-invalid=\"false\" value=\"\" type=\"email\" name=\"your-email\" \/><\/span><br \/>\n<\/label>\n\t<\/p>\n<\/div>\n<div class=\"full-width\">\n\t<p><label> Poruka*<br \/>\n<span class=\"wpcf7-form-control-wrap\" data-name=\"your-message\"><textarea cols=\"40\" rows=\"10\" maxlength=\"2000\" class=\"wpcf7-form-control wpcf7-textarea wpcf7-validates-as-required\" aria-required=\"true\" aria-invalid=\"false\" name=\"your-message\"><\/textarea><\/span><br \/>\n<\/label>\n\t<\/p>\n<\/div>\n<span class=\"wpcf7-form-control-wrap recaptcha\" data-name=\"recaptcha\"><span data-sitekey=\"6Lcb4OMZAAAAAIzrC8GqYzy2KNY-FkFJxeuJy0jT\" class=\"wpcf7-form-control wpcf7-recaptcha g-recaptcha\"><\/span>\r\n<noscript>\r\n\t<div class=\"grecaptcha-noscript\">\r\n\t\t<iframe src=\"https:\/\/www.google.com\/recaptcha\/api\/fallback?k=6Lcb4OMZAAAAAIzrC8GqYzy2KNY-FkFJxeuJy0jT\" frameborder=\"0\" scrolling=\"no\" width=\"310\" height=\"430\">\r\n\t\t<\/iframe>\r\n\t\t<textarea name=\"g-recaptcha-response\" rows=\"3\" cols=\"40\" placeholder=\"reCaptcha Response Here\">\r\n\t\t<\/textarea>\r\n\t<\/div>\r\n<\/noscript>\r\n<\/span>\n<p><input class=\"wpcf7-form-control wpcf7-submit has-spinner\" type=\"submit\" value=\"Po\u0161aljite\" \/>\n<\/p><p style=\"display: none !important;\" class=\"akismet-fields-container\" data-prefix=\"_wpcf7_ak_\"><label>&#916;<textarea name=\"_wpcf7_ak_hp_textarea\" cols=\"45\" rows=\"8\" maxlength=\"100\"><\/textarea><\/label><input type=\"hidden\" id=\"ak_js_1\" name=\"_wpcf7_ak_js\" value=\"139\"\/><script>document.getElementById( \"ak_js_1\" ).setAttribute( \"value\", ( new Date() ).getTime() );<\/script><\/p><div class=\"wpcf7-response-output\" aria-hidden=\"true\"><\/div>\n<\/form>\n<\/div>\n[\/vc_column_text][\/vc_column][\/vc_row]\n<\/div>","protected":false},"excerpt":{"rendered":"<p>[vc_row][vc_column][vc_column_text css=&#8221;&#8221;] [\/vc_column_text][\/vc_column][\/vc_row][vc_row][vc_column][vc_column_text css=&#8221;&#8221; width=&#8221;1200&#8243;] Kontaktirajte nas \u2013 kupci i prodava\u010di sirove gove\u0111e ko\u017ee Velmart d.o.o. bavi prikupljanjem sirovih i sirovo-slanih gove\u0111ih ko\u017ea glava, koje spadaju pod Nusproizvode \u017eivotinjskog porijekla \u2013 Kategorija 3. Iako, je na\u0161 prvenstveni cilj odr\u017eavanje dugogodi\u0161njih poslovnih suradnja sa stalnim dobavlja\u010dima i kupcima, svakako smo zainteresirani za uspostavu kontakata i poslovnih&hellip;<\/p>\n","protected":false},"author":1,"featured_media":0,"parent":0,"menu_order":0,"comment_status":"closed","ping_status":"closed","template":"","meta":{"footnotes":""},"class_list":["post-2","page","type-page","status-publish","hentry","entry","no-media"],"translation":{"provider":"WPGlobus","version":"3.0.2","language":"hr","enabled_languages":["en","hr"],"languages":{"en":{"title":true,"content":true,"excerpt":false},"hr":{"title":true,"content":true,"excerpt":false}}},"aioseo_notices":[],"_links":{"self":[{"href":"https:\/\/velmart.hr\/hr\/wp-json\/wp\/v2\/pages\/2","targetHints":{"allow":["GET"]}}],"collection":[{"href":"https:\/\/velmart.hr\/hr\/wp-json\/wp\/v2\/pages"}],"about":[{"href":"https:\/\/velmart.hr\/hr\/wp-json\/wp\/v2\/types\/page"}],"author":[{"embeddable":true,"href":"https:\/\/velmart.hr\/hr\/wp-json\/wp\/v2\/users\/1"}],"replies":[{"embeddable":true,"href":"https:\/\/velmart.hr\/hr\/wp-json\/wp\/v2\/comments?post=2"}],"version-history":[{"count":18,"href":"https:\/\/velmart.hr\/hr\/wp-json\/wp\/v2\/pages\/2\/revisions"}],"predecessor-version":[{"id":986,"href":"https:\/\/velmart.hr\/hr\/wp-json\/wp\/v2\/pages\/2\/revisions\/986"}],"wp:attachment":[{"href":"https:\/\/velmart.hr\/hr\/wp-json\/wp\/v2\/media?parent=2"}],"curies":[{"name":"wp","href":"https:\/\/api.w.org\/{rel}","templated":true}]}}