{"id":189,"date":"2016-12-14T10:49:27","date_gmt":"2016-12-14T09:49:27","guid":{"rendered":"http:\/\/144.76.24.212\/~velmart\/?page_id=189"},"modified":"2020-11-11T14:36:58","modified_gmt":"2020-11-11T13:36:58","slug":"povijest-tvrtke","status":"publish","type":"page","link":"https:\/\/velmart.hr\/hr\/povijest-tvrtke\/","title":{"rendered":"Povijest tvrtke"},"content":{"rendered":"<p>Tvrtka Velmart d.o.o. osnovana je u Vara\u017edinu po\u010detkom 1991. godine. Osnovna djelatnost tvrtke bila je trgovina na veliko sirovom ko\u017eom. Od samih po\u010detaka cilj nam je bio razvijati dobre, dugoro\u010dne poslovne odnose s hrvatskim klaonicama te prera\u0111iva\u010dima mesa i mesnih proizvoda, od kojih i danas otkupljujemo sirovu ko\u017eu (prete\u017eno june\u0107u, tele\u0107u, gove\u0111u).<\/p>\n<p>Sredinom 1998. godine tvrtka se seli u vlastite prostore u Cehovskoj ulici 11 u Vara\u017edinu, gdje se i danas nalazi uprava i skladi\u0161te tvrtke.<\/p>\n<p>Krajem 2005. godine tvrtka je na postoje\u0107oj lokaciji pro\u0161irila skladi\u0161te sirove ko\u017ee i izgradila nove upravne prostorije.<\/p>\n<p>Trenutno smo prete\u017eno orijentirani na otkup, konzerviranje i skladi\u0161tenje sirovo-slane gove\u0111e ko\u017ee, ko\u017ee gove\u0111ih glava, a u manjoj mjeri ov\u010dje i janje\u0107e ko\u017ee.<\/p>\n<p>&nbsp;<\/p>\n","protected":false},"excerpt":{"rendered":"<p>Tvrtka Velmart d.o.o. osnovana je u Vara\u017edinu po\u010detkom 1991. godine. Osnovna djelatnost tvrtke bila je trgovina na veliko sirovom ko\u017eom. Od samih po\u010detaka cilj nam je bio razvijati dobre, dugoro\u010dne poslovne odnose s hrvatskim klaonicama te prera\u0111iva\u010dima mesa i mesnih proizvoda, od kojih i danas otkupljujemo sirovu ko\u017eu (prete\u017eno june\u0107u, tele\u0107u, gove\u0111u). Sredinom 1998. godine&hellip;<\/p>\n","protected":false},"author":1,"featured_media":0,"parent":0,"menu_order":0,"comment_status":"closed","ping_status":"closed","template":"page-templates\/full-width.php","meta":{"footnotes":""},"class_list":["post-189","page","type-page","status-publish","hentry","entry","no-media"],"translation":{"provider":"WPGlobus","version":"3.0.2","language":"hr","enabled_languages":["en","hr"],"languages":{"en":{"title":true,"content":true,"excerpt":false},"hr":{"title":true,"content":true,"excerpt":false}}},"aioseo_notices":[],"_links":{"self":[{"href":"https:\/\/velmart.hr\/hr\/wp-json\/wp\/v2\/pages\/189","targetHints":{"allow":["GET"]}}],"collection":[{"href":"https:\/\/velmart.hr\/hr\/wp-json\/wp\/v2\/pages"}],"about":[{"href":"https:\/\/velmart.hr\/hr\/wp-json\/wp\/v2\/types\/page"}],"author":[{"embeddable":true,"href":"https:\/\/velmart.hr\/hr\/wp-json\/wp\/v2\/users\/1"}],"replies":[{"embeddable":true,"href":"https:\/\/velmart.hr\/hr\/wp-json\/wp\/v2\/comments?post=189"}],"version-history":[{"count":10,"href":"https:\/\/velmart.hr\/hr\/wp-json\/wp\/v2\/pages\/189\/revisions"}],"predecessor-version":[{"id":461,"href":"https:\/\/velmart.hr\/hr\/wp-json\/wp\/v2\/pages\/189\/revisions\/461"}],"wp:attachment":[{"href":"https:\/\/velmart.hr\/hr\/wp-json\/wp\/v2\/media?parent=189"}],"curies":[{"name":"wp","href":"https:\/\/api.w.org\/{rel}","templated":true}]}}