{"id":145,"date":"2016-12-08T12:46:53","date_gmt":"2016-12-08T11:46:53","guid":{"rendered":"http:\/\/144.76.24.212\/~velmart\/?page_id=145"},"modified":"2024-11-11T11:11:22","modified_gmt":"2024-11-11T10:11:22","slug":"terms-and-conditions","status":"publish","type":"page","link":"https:\/\/velmart.hr\/hr\/uvjeti-koristenja\/","title":{"rendered":"Uvjeti kori\u0161tenja"},"content":{"rendered":"<div class=\"wpb-content-wrapper\">[vc_row][vc_column][vc_column_text css=&#8221;&#8221; width=&#8221;1200&#8243;]\n<h1 style=\"font-weight: 400;\">UVJETI KORI\u0160TENJA WEB STRANICE\u00a0\u00a0www.velmart.hr<\/h1>\n<p style=\"font-weight: 400;\">Sada ste na web stranici www.velmart.hr (u nastavku samo velmart.hr). Poduze\u0107e Velmart d.o.o. omogu\u0107uje kori\u0161tenje sadr\u017eaja velmart.hr koje je regulirano uvjetima kori\u0161tenja, navedenima u nastavku. Kori\u0161tenjem velmart.hr smatra se da su korisnici u svakom trenutku upoznati s uvjetima kori\u0161tenja te da ih u potpunosti razumiju i prihva\u0107aju.<\/p>\n<h2 style=\"font-weight: 400;\">AUTORSKA PRAVA<\/h2>\n<p style=\"font-weight: 400;\">Velmart.hr pola\u017ee autorska prava na sve vlastite sadr\u017eaje (tekstualne, vizualne i audio materijale, baze podataka i programerski kod). Neovla\u0161teno kori\u0161tenje bilo kojeg dijela velmart.hr, bez dozvole vlasnika autorskih prava, smatra se kr\u0161enjem autorskih prava weba velmart.hr i podlo\u017eno je tu\u017ebi.<\/p>\n<h2 style=\"font-weight: 400;\">PRAVO NA IZMJENE SADR\u017dAJA I USLUGA<\/h2>\n<p style=\"font-weight: 400;\">Velmart.hr zadr\u017eava pravo promjene, ukidanja (privremenog i trajnog) bilo kojeg sadr\u017eaja ili usluge na u bez obaveze prethodne najave.<\/p>\n<h2 style=\"font-weight: 400;\">LINKOVI NA VANJSKE WEB STRANICE<\/h2>\n<p style=\"font-weight: 400;\">Velmart.hr sadr\u017ei linkove web stranica izvan vlastite web stranice. Velmart.hr linkove objavljuje u dobroj namjeri i ne mo\u017ee se smatrati odgovornim za sadr\u017eaje izvana. Velmart.hr sadr\u017ei fotografije koje nisu vlasni\u0161tvo Velmart d.o.o., ali su preuzete uz suglasnost vlasnika sa legitimnih vanjskih web stranica i portala ili su preuzete uz navo\u0111enje izvora fotografija.<\/p>\n<p style=\"font-weight: 400;\">Sve sadr\u017eaje velmart.hr koristite na vlastitu odgovornost i velmart.hr ne mo\u017ee se smatrati odgovornim za bilo kakvu \u0161tetu nastalu kori\u0161tenjem. Velmart.hr ne snosi odgovornost ni za kakvu \u0161tetu nastalu ogla\u0161avanjem na svojim web stranicama.<\/p>\n<h2 style=\"font-weight: 400;\">ZA\u0160TITA PRIVATNOSTI<\/h2>\n<p style=\"font-weight: 400;\">Velmart.hr po\u0161tuje i \u0161titi privatnost svojih posjetitelja. Podatke o korisniku ne\u0107e davati na uvid tre\u0107oj strani.<\/p>\n<h2 style=\"font-weight: 400;\">PORUKE Velmart.hr<\/h2>\n<p style=\"font-weight: 400;\">Velmart.hr mo\u017ee povremeno korisnicima poslati obavijesti.<\/p>\n<h2 style=\"font-weight: 400;\">IZMJENE UVJETA KORI\u0160TENJA<\/h2>\n<p style=\"font-weight: 400;\">Velmart.hr zadr\u017eava pravo izmjene uvjeta kori\u0161tenja u bilo kojem trenutku te ne\u0107e biti odgovoran za mogu\u0107e posljedice proiza\u0161le iz takvih promjena. Navedene promjene stupaju na snagu objavljivanjem na ovim internet stranicama.<\/p>\n[\/vc_column_text][\/vc_column][\/vc_row]\n<\/div>","protected":false},"excerpt":{"rendered":"<p>[vc_row][vc_column][vc_column_text css=&#8221;&#8221; width=&#8221;1200&#8243;] UVJETI KORI\u0160TENJA WEB STRANICE\u00a0\u00a0www.velmart.hr Sada ste na web stranici www.velmart.hr (u nastavku samo velmart.hr). Poduze\u0107e Velmart d.o.o. omogu\u0107uje kori\u0161tenje sadr\u017eaja velmart.hr koje je regulirano uvjetima kori\u0161tenja, navedenima u nastavku. Kori\u0161tenjem velmart.hr smatra se da su korisnici u svakom trenutku upoznati s uvjetima kori\u0161tenja te da ih u potpunosti razumiju i prihva\u0107aju. AUTORSKA&hellip;<\/p>\n","protected":false},"author":1,"featured_media":0,"parent":0,"menu_order":0,"comment_status":"closed","ping_status":"closed","template":"","meta":{"footnotes":""},"class_list":["post-145","page","type-page","status-publish","hentry","entry","no-media"],"translation":{"provider":"WPGlobus","version":"3.0.2","language":"hr","enabled_languages":["en","hr"],"languages":{"en":{"title":true,"content":true,"excerpt":false},"hr":{"title":true,"content":true,"excerpt":false}}},"aioseo_notices":[],"_links":{"self":[{"href":"https:\/\/velmart.hr\/hr\/wp-json\/wp\/v2\/pages\/145","targetHints":{"allow":["GET"]}}],"collection":[{"href":"https:\/\/velmart.hr\/hr\/wp-json\/wp\/v2\/pages"}],"about":[{"href":"https:\/\/velmart.hr\/hr\/wp-json\/wp\/v2\/types\/page"}],"author":[{"embeddable":true,"href":"https:\/\/velmart.hr\/hr\/wp-json\/wp\/v2\/users\/1"}],"replies":[{"embeddable":true,"href":"https:\/\/velmart.hr\/hr\/wp-json\/wp\/v2\/comments?post=145"}],"version-history":[{"count":7,"href":"https:\/\/velmart.hr\/hr\/wp-json\/wp\/v2\/pages\/145\/revisions"}],"predecessor-version":[{"id":1205,"href":"https:\/\/velmart.hr\/hr\/wp-json\/wp\/v2\/pages\/145\/revisions\/1205"}],"wp:attachment":[{"href":"https:\/\/velmart.hr\/hr\/wp-json\/wp\/v2\/media?parent=145"}],"curies":[{"name":"wp","href":"https:\/\/api.w.org\/{rel}","templated":true}]}}