{"id":137,"date":"2016-12-08T12:40:56","date_gmt":"2016-12-08T11:40:56","guid":{"rendered":"http:\/\/144.76.24.212\/~velmart\/?page_id=137"},"modified":"2020-11-11T14:37:57","modified_gmt":"2020-11-11T13:37:57","slug":"velmart-d-o-o","status":"publish","type":"page","link":"https:\/\/velmart.hr\/hr\/velmart-d-o-o\/","title":{"rendered":"Velmart d.o.o."},"content":{"rendered":"<p>Tvrtka Velmart d.o.o. osnovana je u Vara\u017edinu po\u010detkom 1991. godine. Osnovna djelatnost tvrtke bila je trgovina na veliko sirovom ko\u017eom, a danas se primarno bavimo sirovim gove\u0111im ko\u017eama glava. <\/p>\n<p>Od samih po\u010detaka cilj nam je bio razvijati dobre, dugoro\u010dne poslovne odnose s dobavlja\u010dima i kupcima. <\/p>\n<p>U skoro tri desetlje\u0107a postojanja tvrtke, odgovornim i kvalitetnim radom, partnerskim odnosima koji se temelje na povjerenju i dugogodi\u0161njoj suradnji, uspostavljeni su odli\u010dni odnosi s dobavlja\u010dima i kupcima u zemlji i inozemstvu.<\/p>\n<p>Sa svakim novim potencijalnim poslovnim partnerom trudimo se uspostaviti dugoro\u010dne poslovne odnose, a svojim znanjem, kvalitetom, udovoljavanjem specifi\u010dnih zahtjeva i usavr\u0161avanjem pru\u017eiti najbolji mogu\u0107i proizvod.<\/p>\n<p>Veselimo se svim budu\u0107im suradnjama!<\/p>\n","protected":false},"excerpt":{"rendered":"<p>Tvrtka Velmart d.o.o. osnovana je u Vara\u017edinu po\u010detkom 1991. godine. Osnovna djelatnost tvrtke bila je trgovina na veliko sirovom ko\u017eom, a danas se primarno bavimo sirovim gove\u0111im ko\u017eama glava. Od samih po\u010detaka cilj nam je bio razvijati dobre, dugoro\u010dne poslovne odnose s dobavlja\u010dima i kupcima. U skoro tri desetlje\u0107a postojanja tvrtke, odgovornim i kvalitetnim radom,&hellip;<\/p>\n","protected":false},"author":1,"featured_media":0,"parent":0,"menu_order":0,"comment_status":"closed","ping_status":"closed","template":"page-templates\/full-width.php","meta":{"footnotes":""},"class_list":["post-137","page","type-page","status-publish","hentry","entry","no-media"],"translation":{"provider":"WPGlobus","version":"3.0.2","language":"hr","enabled_languages":["en","hr"],"languages":{"en":{"title":true,"content":true,"excerpt":false},"hr":{"title":true,"content":true,"excerpt":false}}},"aioseo_notices":[],"_links":{"self":[{"href":"https:\/\/velmart.hr\/hr\/wp-json\/wp\/v2\/pages\/137","targetHints":{"allow":["GET"]}}],"collection":[{"href":"https:\/\/velmart.hr\/hr\/wp-json\/wp\/v2\/pages"}],"about":[{"href":"https:\/\/velmart.hr\/hr\/wp-json\/wp\/v2\/types\/page"}],"author":[{"embeddable":true,"href":"https:\/\/velmart.hr\/hr\/wp-json\/wp\/v2\/users\/1"}],"replies":[{"embeddable":true,"href":"https:\/\/velmart.hr\/hr\/wp-json\/wp\/v2\/comments?post=137"}],"version-history":[{"count":10,"href":"https:\/\/velmart.hr\/hr\/wp-json\/wp\/v2\/pages\/137\/revisions"}],"predecessor-version":[{"id":462,"href":"https:\/\/velmart.hr\/hr\/wp-json\/wp\/v2\/pages\/137\/revisions\/462"}],"wp:attachment":[{"href":"https:\/\/velmart.hr\/hr\/wp-json\/wp\/v2\/media?parent=137"}],"curies":[{"name":"wp","href":"https:\/\/api.w.org\/{rel}","templated":true}]}}