{"id":100,"date":"2016-11-24T09:28:14","date_gmt":"2016-11-24T08:28:14","guid":{"rendered":"http:\/\/144.76.24.212\/~velmart\/?page_id=100"},"modified":"2017-01-16T11:50:06","modified_gmt":"2017-01-16T10:50:06","slug":"zelatina-kolagen","status":"publish","type":"page","link":"https:\/\/velmart.hr\/hr\/zelatina-kolagen\/","title":{"rendered":"\u017delatina i kolagen"},"content":{"rendered":"<p>SKLADI\u0160TENJE KO\u017dE ZA LJUDSKU UPORABU<\/p>\n<p>Velmart d.o.o. je upisan u Upisnik odobrenja djelatnosti skladi\u0161tenje sirovina (sirove ko\u017ee) za proizvodnju \u017eelatine i kolagena namijenjenih prehrani ljudi (odobreni broj objekta: 45).<\/p>\n<p>Ko\u017ea koja se kasnije prera\u0111uje za ljudsku uporabu skladi\u0161ti se u posebnom dijelu skladi\u0161ta s rashladnim sustavom.<\/p>\n<p>U prostoriji se skladi\u0161te ko\u017ee isklju\u010divo pribavljene u hrvatskim izvoznim klaonicama ili poznatih dobavlja\u010da. Sve ko\u017ee na sebi imaju markice i popratnu dokumentaciju kojom se prati sljedivost, odnosno njena zdravstvena ispravnost.<\/p>\n","protected":false},"excerpt":{"rendered":"<p>SKLADI\u0160TENJE KO\u017dE ZA LJUDSKU UPORABU Velmart d.o.o. je upisan u Upisnik odobrenja djelatnosti skladi\u0161tenje sirovina (sirove ko\u017ee) za proizvodnju \u017eelatine i kolagena namijenjenih prehrani ljudi (odobreni broj objekta: 45). Ko\u017ea koja se kasnije prera\u0111uje za ljudsku uporabu skladi\u0161ti se u posebnom dijelu skladi\u0161ta s rashladnim sustavom. U prostoriji se skladi\u0161te ko\u017ee isklju\u010divo pribavljene u hrvatskim&hellip;<\/p>\n","protected":false},"author":1,"featured_media":0,"parent":0,"menu_order":0,"comment_status":"closed","ping_status":"closed","template":"page-templates\/full-width.php","meta":{"footnotes":""},"class_list":["post-100","page","type-page","status-publish","hentry","entry","no-media"],"translation":{"provider":"WPGlobus","version":"3.0.2","language":"hr","enabled_languages":["en","hr"],"languages":{"en":{"title":true,"content":true,"excerpt":false},"hr":{"title":true,"content":true,"excerpt":false}}},"aioseo_notices":[],"_links":{"self":[{"href":"https:\/\/velmart.hr\/hr\/wp-json\/wp\/v2\/pages\/100","targetHints":{"allow":["GET"]}}],"collection":[{"href":"https:\/\/velmart.hr\/hr\/wp-json\/wp\/v2\/pages"}],"about":[{"href":"https:\/\/velmart.hr\/hr\/wp-json\/wp\/v2\/types\/page"}],"author":[{"embeddable":true,"href":"https:\/\/velmart.hr\/hr\/wp-json\/wp\/v2\/users\/1"}],"replies":[{"embeddable":true,"href":"https:\/\/velmart.hr\/hr\/wp-json\/wp\/v2\/comments?post=100"}],"version-history":[{"count":3,"href":"https:\/\/velmart.hr\/hr\/wp-json\/wp\/v2\/pages\/100\/revisions"}],"predecessor-version":[{"id":229,"href":"https:\/\/velmart.hr\/hr\/wp-json\/wp\/v2\/pages\/100\/revisions\/229"}],"wp:attachment":[{"href":"https:\/\/velmart.hr\/hr\/wp-json\/wp\/v2\/media?parent=100"}],"curies":[{"name":"wp","href":"https:\/\/api.w.org\/{rel}","templated":true}]}}